{"id":1240,"date":"2018-12-20T22:08:19","date_gmt":"2018-12-20T21:08:19","guid":{"rendered":"https:\/\/www.blueberry-giant.de\/?page_id=1240"},"modified":"2019-03-06T15:46:26","modified_gmt":"2019-03-06T14:46:26","slug":"vinde-afine","status":"publish","type":"page","link":"https:\/\/www.blueberry-giant.de\/ro\/vinde-afine\/","title":{"rendered":"Vinderea afinelor"},"content":{"rendered":"<p>[et_pb_section bb_built=&#8221;1&#8243; fullwidth=&#8221;on&#8221; specialty=&#8221;off&#8221; _builder_version=&#8221;3.0.97&#8243; module_class=&#8221;headsection&#8221;][et_pb_fullwidth_post_title _builder_version=&#8221;3.0.97&#8243; title=&#8221;off&#8221; meta=&#8221;off&#8221; author=&#8221;on&#8221; date=&#8221;on&#8221; categories=&#8221;on&#8221; comments=&#8221;on&#8221; featured_image=&#8221;off&#8221; featured_placement=&#8221;below&#8221; background_image=&#8221;http:\/\/www.blueberry-giant.de\/wp-content\/uploads\/2018\/01\/bg_werken.jpg&#8221; text_color=&#8221;dark&#8221; text_background=&#8221;off&#8221; module_class=&#8221;headsection&#8221; \/][\/et_pb_section][et_pb_section bb_built=&#8221;1&#8243;][et_pb_row _builder_version=&#8221;3.0.97&#8243; custom_margin=&#8221;||0px|&#8221; custom_padding=&#8221;||0px|&#8221;][et_pb_column type=&#8221;4_4&#8243;][et_pb_text _builder_version=&#8221;3.0.97&#8243; background_layout=&#8221;light&#8221;]<\/p>\n<h1>Vinderea afinelor<\/h1>\n<p>[\/et_pb_text][\/et_pb_column][\/et_pb_row][et_pb_row][et_pb_column type=&#8221;2_3&#8243;][et_pb_text _builder_version=&#8221;3.0.97&#8243; background_layout=&#8221;light&#8221;]<\/p>\n<h2>Zilnic afine proaspete<\/h2>\n<p><strong>Ore de deschidere<\/strong><\/p>\n<p>n sezonul de selec\u021bie \u00een luna iulie p\u00een\u0103 \u00een septembrie,de luni p\u00een\u0103 vineri,de la ora 10 diminea\u021ba p\u00een\u0103 la ora 17:00,\u00een zilele de s\u00eemb\u0103t\u0103,\u00eentre orele 9:00 \u0219i 15:00.<\/p>\n<p><strong>Produse<\/strong><\/p>\n<p>Vindem nu numai afine proaspete,culese manual,ci \u0219i produse cu afine cum ar fi:<\/p>\n<p>Suc de afine<br \/>\nDulcea\u021b\u0103 de afine<br \/>\nJeleu de fructe<br \/>\nSirop<br \/>\nSos pentru desert<br \/>\nMiere crem\u0103<\/p>\n<p><strong>Comanda prin email<br \/>\n<\/strong>Pute\u021bi trimite comanda prin e-mail:info@blueberry-giant.de<\/p>\n<p><strong>Excursie<br \/>\n<\/strong>Pentru grupuri organiz\u0103m de asemenea un tur cu ghid.<\/p>\n<p><strong>Ne pute\u021bi contacta:<\/strong><br \/>\ninfo@blueberry-giant.de\u00a0\u00a0 or by phone\u00a0\u00a0 +49 1758 854338<\/p>\n<p>sau prin telefon\u00a0\u00a0\u00a0+49 1758 854338<\/p>\n<p><strong>Sunte\u021bi c\u0103lduros bun venit!<\/strong><\/p>\n<p>[\/et_pb_text][\/et_pb_column][et_pb_column type=&#8221;1_3&#8243;][et_pb_image _builder_version=&#8221;3.0.97&#8243; src=&#8221;https:\/\/www.blueberry-giant.de\/wp-content\/uploads\/2018\/01\/totaal_pakket.jpg&#8221; show_in_lightbox=&#8221;on&#8221; url_new_window=&#8221;off&#8221; use_overlay=&#8221;off&#8221; always_center_on_mobile=&#8221;on&#8221; force_fullwidth=&#8221;off&#8221; show_bottom_space=&#8221;on&#8221; alt=&#8221;Blauwe bessen producten&#8221; \/][et_pb_image _builder_version=&#8221;3.0.97&#8243; src=&#8221;http:\/\/www.blueberry-giant.de\/wp-content\/uploads\/2018\/01\/blauwe-bessen-struik.jpg&#8221; show_in_lightbox=&#8221;on&#8221; url_new_window=&#8221;off&#8221; use_overlay=&#8221;off&#8221; always_center_on_mobile=&#8221;on&#8221; force_fullwidth=&#8221;off&#8221; show_bottom_space=&#8221;on&#8221; alt=&#8221;blauwe bessen struik&#8221; \/][\/et_pb_column][\/et_pb_row][\/et_pb_section]<\/p>\n","protected":false},"excerpt":{"rendered":"<p>Vinderea afinelor <div class=\"et_pb_row et_pb_row_0 et_pb_row_empty\">\n\t\t\t\t\n\t\t\t\t\n\t\t\t\t\n\t\t\t\t\n\t\t\t\t\n\t\t\t<\/div> Zilnic afine proaspete Ore de deschidere n sezonul de selec\u021bie \u00een luna iulie p\u00een\u0103 \u00een septembrie,de luni p\u00een\u0103 vineri,de la ora 10 diminea\u021ba p\u00een\u0103 la ora 17:00,\u00een zilele de s\u00eemb\u0103t\u0103,\u00eentre orele 9:00 \u0219i 15:00. Produse Vindem nu numai afine proaspete,culese manual,ci \u0219i produse cu afine cum ar fi: Suc de afine Dulcea\u021b\u0103 [&hellip;]<\/p>\n","protected":false},"author":1,"featured_media":0,"parent":0,"menu_order":0,"comment_status":"closed","ping_status":"closed","template":"","meta":{"_et_pb_use_builder":"on","_et_pb_old_content":"","_et_gb_content_width":"","footnotes":""},"class_list":["post-1240","page","type-page","status-publish","hentry"],"_links":{"self":[{"href":"https:\/\/www.blueberry-giant.de\/ro\/wp-json\/wp\/v2\/pages\/1240","targetHints":{"allow":["GET"]}}],"collection":[{"href":"https:\/\/www.blueberry-giant.de\/ro\/wp-json\/wp\/v2\/pages"}],"about":[{"href":"https:\/\/www.blueberry-giant.de\/ro\/wp-json\/wp\/v2\/types\/page"}],"author":[{"embeddable":true,"href":"https:\/\/www.blueberry-giant.de\/ro\/wp-json\/wp\/v2\/users\/1"}],"replies":[{"embeddable":true,"href":"https:\/\/www.blueberry-giant.de\/ro\/wp-json\/wp\/v2\/comments?post=1240"}],"version-history":[{"count":2,"href":"https:\/\/www.blueberry-giant.de\/ro\/wp-json\/wp\/v2\/pages\/1240\/revisions"}],"predecessor-version":[{"id":1503,"href":"https:\/\/www.blueberry-giant.de\/ro\/wp-json\/wp\/v2\/pages\/1240\/revisions\/1503"}],"wp:attachment":[{"href":"https:\/\/www.blueberry-giant.de\/ro\/wp-json\/wp\/v2\/media?parent=1240"}],"curies":[{"name":"wp","href":"https:\/\/api.w.org\/{rel}","templated":true}]}}