{"id":1226,"date":"2018-12-20T21:54:08","date_gmt":"2018-12-20T20:54:08","guid":{"rendered":"https:\/\/www.blueberry-giant.de\/?page_id=1226"},"modified":"2019-03-06T15:30:02","modified_gmt":"2019-03-06T14:30:02","slug":"lucrul-la-blueberry-giant","status":"publish","type":"page","link":"https:\/\/www.blueberry-giant.de\/ro\/lucrul-la-blueberry-giant\/","title":{"rendered":"Munca la Blueberry Giant"},"content":{"rendered":"<p>[et_pb_section bb_built=&#8221;1&#8243; fullwidth=&#8221;on&#8221; specialty=&#8221;off&#8221; _builder_version=&#8221;3.0.97&#8243; module_class=&#8221;headsection&#8221;][et_pb_fullwidth_post_title _builder_version=&#8221;3.0.97&#8243; title=&#8221;off&#8221; meta=&#8221;off&#8221; author=&#8221;on&#8221; date=&#8221;on&#8221; categories=&#8221;on&#8221; comments=&#8221;on&#8221; featured_image=&#8221;off&#8221; featured_placement=&#8221;below&#8221; background_image=&#8221;http:\/\/www.blueberry-giant.de\/wp-content\/uploads\/2018\/01\/slider2.png&#8221; text_color=&#8221;dark&#8221; text_background=&#8221;off&#8221; module_class=&#8221;headsection&#8221; \/][\/et_pb_section][et_pb_section bb_built=&#8221;1&#8243;][et_pb_row][et_pb_column type=&#8221;2_3&#8243;][et_pb_text _builder_version=&#8221;3.0.97&#8243; background_layout=&#8221;light&#8221;]<\/p>\n<h2>Munca la Blueberry Giant<\/h2>\n<p><strong>Culesul afinelor<\/strong><\/p>\n<p>Afinele sunt culese deobicei manual.Prin urmare,putem folosimai multe metode de cules.\u00cen perioada de la \u015ff\u00eer\u015fitul lunii iunie p\u00een\u0103 \u00een septembrie recolta de afine este \u00een plin\u0103 desf\u0103\u0219urare.De aceea avem nevoie de mul\u021bi angaja\u021bi care s\u0103 ne ajute s\u0103 recolt\u0103m numeroase afine.Munca este foarte potrivit\u0103 pentru doamne.\u00ce\u021bi place s\u0103 lucrezi afara in aier liber si vrei s\u0103 c\u00ee\u0219tigi un salariu mare in lunile iulie august \u0219i septembrie,este cu siguran\u021b\u0103 ceva pentru tine.<\/p>\n<p><strong>Alte activit\u0103\u021bi,<\/strong><\/p>\n<p>Pe l\u00eeng\u0103 activit\u0103\u021bile de recoltare,avem nevoie,de asemenea,de angaja\u021bi pentru alte activit\u0103\u021bi \u00een perioada aprilie p\u00een\u0103 \u00een septembrie.Trebuie s\u0103 fi\u021bi preg\u0103ti\u021bi pentru toate activit\u0103\u021bile \u00een care a\u021bi fost instruit.<\/p>\n<p>Flexibilitatea este necesar\u0103 \u00een ceea ce prive\u0219te programul de lucru pentru toate activit\u0103\u021bile.Num\u0103rul de ore pe zi poate varia par\u021bial,deoarece munca depinde de condi\u021biile meteorologice.Deoarece ploaia nu poate fi recoltat\u0103.<\/p>\n<p><strong>Cazarea,<\/strong><\/p>\n<p>Blueberry Giant poate avea grij\u0103 de cazarea \u00een locul unde v\u0103 afla\u021bi.Cazarea angaja\u021bilor are loc \u00een interiorul companiei.Deci, nu ve\u021bi pl\u0103ti mult pentru transport de la cazare p\u00een\u0103 la locul de munc\u0103 zilnic\u0103.Ve\u021bi locui intro cas\u0103 sau locuin\u021b\u0103 pentru 6 oameni.\u00cen plus avem o camer\u0103 pentru g\u0103tit si relaxare.Toate loca\u021biile noastre reziden\u021biale au Wi-Fi gratuit.<\/p>\n<p><strong>Transport,<\/strong><\/p>\n<p>Pentru transportul de la \u0219i la parcele,vom folosi autocarul de turism. Dup\u0103 o s\u0103pt\u0103m\u00een\u0103 de munc\u0103 ave\u021bi oportunitatea de a merge la centrul comercial cu ajutorul autobusului\u00a0 la :Kevelaer (DE) or Bergen (NL).<\/p>\n<p>&nbsp;<\/p>\n<p>&nbsp;<\/p>\n<p>[\/et_pb_text][\/et_pb_column][et_pb_column type=&#8221;1_3&#8243;][et_pb_sidebar admin_label=&#8221;homepage widget&#8221; _builder_version=&#8221;3.0.97&#8243; area=&#8221;et_pb_widget_area_1&#8243; orientation=&#8221;right&#8221; show_border=&#8221;off&#8221; background_layout=&#8221;light&#8221; module_id=&#8221;homewidget&#8221; \/][et_pb_image _builder_version=&#8221;3.0.94&#8243; src=&#8221;http:\/\/www.blueberry-giant.de\/wp-content\/uploads\/2018\/01\/blauwebes.jpg&#8221; show_in_lightbox=&#8221;off&#8221; url_new_window=&#8221;off&#8221; use_overlay=&#8221;off&#8221; always_center_on_mobile=&#8221;on&#8221; force_fullwidth=&#8221;off&#8221; show_bottom_space=&#8221;on&#8221; \/][\/et_pb_column][\/et_pb_row][\/et_pb_section]<\/p>\n","protected":false},"excerpt":{"rendered":"<p><div class=\"et_pb_row et_pb_row_0 et_pb_row_empty\">\n\t\t\t\t\n\t\t\t\t\n\t\t\t\t\n\t\t\t\t\n\t\t\t\t\n\t\t\t<\/div> Munca la Blueberry Giant Culesul afinelor Afinele sunt culese deobicei manual.Prin urmare,putem folosimai multe metode de cules.\u00cen perioada de la \u015ff\u00eer\u015fitul lunii iunie p\u00een\u0103 \u00een septembrie recolta de afine este \u00een plin\u0103 desf\u0103\u0219urare.De aceea avem nevoie de mul\u021bi angaja\u021bi care s\u0103 ne ajute s\u0103 recolt\u0103m numeroase afine.Munca este foarte potrivit\u0103 pentru doamne.\u00ce\u021bi place s\u0103 [&hellip;]<\/p>\n","protected":false},"author":1,"featured_media":0,"parent":0,"menu_order":0,"comment_status":"closed","ping_status":"closed","template":"","meta":{"_et_pb_use_builder":"on","_et_pb_old_content":"","_et_gb_content_width":"","footnotes":""},"class_list":["post-1226","page","type-page","status-publish","hentry"],"_links":{"self":[{"href":"https:\/\/www.blueberry-giant.de\/ro\/wp-json\/wp\/v2\/pages\/1226","targetHints":{"allow":["GET"]}}],"collection":[{"href":"https:\/\/www.blueberry-giant.de\/ro\/wp-json\/wp\/v2\/pages"}],"about":[{"href":"https:\/\/www.blueberry-giant.de\/ro\/wp-json\/wp\/v2\/types\/page"}],"author":[{"embeddable":true,"href":"https:\/\/www.blueberry-giant.de\/ro\/wp-json\/wp\/v2\/users\/1"}],"replies":[{"embeddable":true,"href":"https:\/\/www.blueberry-giant.de\/ro\/wp-json\/wp\/v2\/comments?post=1226"}],"version-history":[{"count":4,"href":"https:\/\/www.blueberry-giant.de\/ro\/wp-json\/wp\/v2\/pages\/1226\/revisions"}],"predecessor-version":[{"id":1497,"href":"https:\/\/www.blueberry-giant.de\/ro\/wp-json\/wp\/v2\/pages\/1226\/revisions\/1497"}],"wp:attachment":[{"href":"https:\/\/www.blueberry-giant.de\/ro\/wp-json\/wp\/v2\/media?parent=1226"}],"curies":[{"name":"wp","href":"https:\/\/api.w.org\/{rel}","templated":true}]}}