{"id":1219,"date":"2018-12-20T16:43:54","date_gmt":"2018-12-20T15:43:54","guid":{"rendered":"https:\/\/www.blueberry-giant.de\/?page_id=1219"},"modified":"2019-03-06T14:03:22","modified_gmt":"2019-03-06T13:03:22","slug":"blueberry-giant","status":"publish","type":"page","link":"https:\/\/www.blueberry-giant.de\/ro\/","title":{"rendered":"Blueberry Giant"},"content":{"rendered":"<p>[et_pb_section bb_built=&#8221;1&#8243; fullwidth=&#8221;on&#8221; specialty=&#8221;off&#8221; _builder_version=&#8221;3.0.94&#8243; module_class=&#8221;headsection&#8221;][et_pb_fullwidth_header _builder_version=&#8221;3.0.97&#8243; title=&#8221;Despre boabele albastre&#8221; button_one_text=&#8221;Despre boabele albastre&#8221; button_one_url=&#8221;\/blueberries-are-super-healthy\/&#8221; background_image=&#8221;http:\/\/www.blueberry-giant.de\/wp-content\/uploads\/2018\/01\/slider1.jpg&#8221; parallax_method=&#8221;on&#8221; text_orientation=&#8221;left&#8221; header_fullscreen=&#8221;off&#8221; header_scroll_down=&#8221;off&#8221; image_orientation=&#8221;center&#8221; background_layout=&#8221;light&#8221; content_orientation=&#8221;center&#8221; custom_button_one=&#8221;off&#8221; button_one_icon_placement=&#8221;right&#8221; custom_button_two=&#8221;off&#8221; button_two_icon_placement=&#8221;right&#8221; button_one_text_color=&#8221;#ffffff&#8221; button_one_bg_color=&#8221;#00a14c&#8221; button_one_border_width=&#8221;1&#8243; button_one_border_color=&#8221;#00a14c&#8221; button_one_border_radius=&#8221;10&#8243; button_one_icon=&#8221;%%20%%&#8221; button_one_on_hover=&#8221;off&#8221; button_one_text_color_hover=&#8221;#ffffff&#8221; button_one_bg_color_hover=&#8221;#00a14c&#8221; button_one_border_color_hover=&#8221;#00a14c&#8221; button_one_border_radius_hover=&#8221;10&#8243; \/][\/et_pb_section][et_pb_section bb_built=&#8221;1&#8243;][et_pb_row][et_pb_column type=&#8221;2_3&#8243;][et_pb_text _builder_version=&#8221;3.0.97&#8243; background_layout=&#8221;light&#8221;]<\/p>\n<p>&nbsp;<\/p>\n<h2>Blueberry Giant<\/h2>\n<p>Afinele\u00a0sunt cultivate\u00a0la\u00a0Blueberry\u00a0Giant.\u00a0Compania a avut sediul \u00een\u00a0Weeze\u00a0din 2006\u00a0(chiar peste grani\u021ba de la\u00a0Wellsche\u00a0Hut \u00een Well).<\/p>\n<p>\u00cen 2006, compania a \u00eenceput pe o scar\u0103 mic\u0103.\u00a0Totu\u0219i, \u00een decurs de peste 10 ani, suprafa\u021ba a crescut considerabil, iar suprafa\u021ba a ajuns acum la 75 de hectare\u00a0\u00a0\u00a0(150 terenuri de fotbal).<\/p>\n<p>Dezvolt\u0103m urm\u0103toarele soiuri:<\/p>\n<ul>\n<li>Duke<\/li>\n<li>Draper<\/li>\n<li>Bluecrop<\/li>\n<li>Ozarkblue<\/li>\n<li>Elliot<\/li>\n<li>Liberty<\/li>\n<li>Aurora<\/li>\n<\/ul>\n<p>Produc\u021bia este destinat\u0103 v\u00e2nz\u0103rilor c\u0103tre principalele organiza\u021bii de comer\u021b cu am\u0103nuntul din Europa.\u00a0Prin urmare, suntem Global Gap, QS, Green\u00a0Nurture\u00a0\u0219i Field\u00a0to\u00a0Furc\u0103\u00a0certificat\u0103.<\/p>\n<p>Ca cultivator m\u00e2ndru de afine, suntem membri ai\u00a0Pur \u0219i simplu\u00a0Berry.\u00a0<a href=\"https:\/\/www.simplythebes.nl\/\" target=\"_blank\" rel=\"noopener\">https:\/\/www.simplythebes.nl\/<\/a><\/p>\n<p>&nbsp;<\/p>\n<p>[\/et_pb_text][\/et_pb_column][et_pb_column type=&#8221;1_3&#8243;][et_pb_sidebar admin_label=&#8221;homepage widget&#8221; _builder_version=&#8221;3.0.97&#8243; area=&#8221;et_pb_widget_area_1&#8243; orientation=&#8221;right&#8221; show_border=&#8221;off&#8221; background_layout=&#8221;light&#8221; module_id=&#8221;homewidget&#8221; \/][et_pb_image _builder_version=&#8221;3.0.97&#8243; src=&#8221;https:\/\/www.blueberry-giant.de\/wp-content\/uploads\/2018\/05\/31949066_245327616033355_7984778566191546368_n.jpg&#8221; show_in_lightbox=&#8221;off&#8221; url_new_window=&#8221;off&#8221; use_overlay=&#8221;off&#8221; always_center_on_mobile=&#8221;on&#8221; force_fullwidth=&#8221;off&#8221; show_bottom_space=&#8221;on&#8221; \/][\/et_pb_column][\/et_pb_row][\/et_pb_section][et_pb_section bb_built=&#8221;1&#8243; admin_label=&#8221;groene balk&#8221; fullwidth=&#8221;off&#8221; specialty=&#8221;off&#8221; _builder_version=&#8221;3.0.94&#8243; background_color=&#8221;#00a14c&#8221; module_class=&#8221;greensection&#8221;][et_pb_row][et_pb_column type=&#8221;1_4&#8243;][et_pb_text _builder_version=&#8221;3.0.97&#8243; background_layout=&#8221;light&#8221;]<\/p>\n<p>&nbsp;<\/p>\n<p>Boabele albastre<\/p>\n<p>&nbsp;<\/p>\n<p>[\/et_pb_text][\/et_pb_column][et_pb_column type=&#8221;3_4&#8243;][et_pb_text _builder_version=&#8221;3.0.97&#8243; background_layout=&#8221;light&#8221;]<\/p>\n<p>&nbsp;<\/p>\n<p>Boabele albastre (\u00a0Vaccinium\u00a0corymbosum\u00a0) este un arbust purt\u00e2nd fructe cu o \u00een\u0103l\u021bime de 1,5 p\u00e2n\u0103 la 2,5 metri.\u00a0Afinele este adesea denumit \u00een mod eronat afine.\u00a0Cu toate acestea, afinul este o specie diferit\u0103 (\u00a0Vaccinium\u00a0myrtillus\u00a0).\u00a0Frunzele devin ro\u0219ii \u00een toamn\u0103.<\/p>\n<p>&nbsp;<\/p>\n<p>[\/et_pb_text][\/et_pb_column][\/et_pb_row][\/et_pb_section][et_pb_section bb_built=&#8221;1&#8243; fullwidth=&#8221;on&#8221; specialty=&#8221;off&#8221; _builder_version=&#8221;3.0.97&#8243; background_image=&#8221;http:\/\/www.blueberry-giant.de\/wp-content\/uploads\/2018\/01\/bg_werken.jpg&#8221; module_class=&#8221;headsection&#8221;][et_pb_fullwidth_header admin_label=&#8221;Werken bij Blueberry Giant&#8221; _builder_version=&#8221;3.0.97&#8243; title=&#8221;Lucrul la Blueberry gigant&#8221; button_one_text=&#8221;aplica&#8221; button_one_url=&#8221;\/solliciteren\/&#8221; parallax_method=&#8221;on&#8221; text_orientation=&#8221;left&#8221; header_fullscreen=&#8221;off&#8221; header_scroll_down=&#8221;off&#8221; image_orientation=&#8221;center&#8221; background_layout=&#8221;light&#8221; content_orientation=&#8221;center&#8221; custom_button_one=&#8221;off&#8221; button_one_icon_placement=&#8221;right&#8221; custom_button_two=&#8221;off&#8221; button_two_icon_placement=&#8221;right&#8221; button_one_text_color=&#8221;#ffffff&#8221; button_one_bg_color=&#8221;#00a14c&#8221; button_one_border_width=&#8221;1&#8243; button_one_border_color=&#8221;#00a14c&#8221; button_one_border_radius=&#8221;10&#8243; button_one_icon=&#8221;%%20%%&#8221; button_one_on_hover=&#8221;off&#8221; button_one_text_color_hover=&#8221;#ffffff&#8221; button_one_bg_color_hover=&#8221;#00a14c&#8221; button_one_border_color_hover=&#8221;#00a14c&#8221; button_one_border_radius_hover=&#8221;10&#8243; title_level=&#8221;h2&#8243; \/][\/et_pb_section][et_pb_section bb_built=&#8221;1&#8243; fullwidth=&#8221;off&#8221; specialty=&#8221;off&#8221;][et_pb_row][et_pb_column type=&#8221;1_2&#8243;][et_pb_image _builder_version=&#8221;3.0.97&#8243; src=&#8221;http:\/\/www.blueberry-giant.de\/wp-content\/uploads\/2018\/01\/bessen.jpg&#8221; show_in_lightbox=&#8221;off&#8221; url_new_window=&#8221;off&#8221; use_overlay=&#8221;off&#8221; always_center_on_mobile=&#8221;on&#8221; force_fullwidth=&#8221;on&#8221; show_bottom_space=&#8221;on&#8221; \/][\/et_pb_column][et_pb_column type=&#8221;1_2&#8243;][et_pb_text _builder_version=&#8221;3.0.97&#8243; background_layout=&#8221;light&#8221;]<\/p>\n<p>&nbsp;<\/p>\n<h2>Fructe de mere sunt super s\u0103n\u0103to\u0219i<\/h2>\n<p>Interesat de afine sau doar curios? Pute\u021bi g\u0103si o imagine de ansamblu a informa\u021biilor \u0219i faptelor interesante aici!<\/p>\n<p>&nbsp;<\/p>\n<p>[\/et_pb_text][et_pb_button _builder_version=&#8221;3.0.97&#8243; button_text=&#8221;Mai multe informa\u021bii&#8221; button_url=&#8221;\/algemene-informatie-blauwe-bes\/&#8221; url_new_window=&#8221;off&#8221; background_layout=&#8221;light&#8221; custom_button=&#8221;off&#8221; button_icon_placement=&#8221;right&#8221; module_class=&#8221;greenbutton&#8221; \/][\/et_pb_column][\/et_pb_row][\/et_pb_section]<\/p>\n","protected":false},"excerpt":{"rendered":"<p><div class=\"et_pb_row et_pb_row_0 et_pb_row_empty\">\n\t\t\t\t\n\t\t\t\t\n\t\t\t\t\n\t\t\t\t\n\t\t\t\t\n\t\t\t<\/div> &nbsp; Blueberry Giant Afinele\u00a0sunt cultivate\u00a0la\u00a0Blueberry\u00a0Giant.\u00a0Compania a avut sediul \u00een\u00a0Weeze\u00a0din 2006\u00a0(chiar peste grani\u021ba de la\u00a0Wellsche\u00a0Hut \u00een Well). \u00cen 2006, compania a \u00eenceput pe o scar\u0103 mic\u0103.\u00a0Totu\u0219i, \u00een decurs de peste 10 ani, suprafa\u021ba a crescut considerabil, iar suprafa\u021ba a ajuns acum la 75 de hectare\u00a0\u00a0\u00a0(150 terenuri de fotbal). Dezvolt\u0103m urm\u0103toarele soiuri: Duke Draper Bluecrop Ozarkblue [&hellip;]<\/p>\n","protected":false},"author":2,"featured_media":0,"parent":0,"menu_order":0,"comment_status":"closed","ping_status":"closed","template":"","meta":{"_et_pb_use_builder":"on","_et_pb_old_content":"","_et_gb_content_width":"","footnotes":""},"class_list":["post-1219","page","type-page","status-publish","hentry"],"_links":{"self":[{"href":"https:\/\/www.blueberry-giant.de\/ro\/wp-json\/wp\/v2\/pages\/1219","targetHints":{"allow":["GET"]}}],"collection":[{"href":"https:\/\/www.blueberry-giant.de\/ro\/wp-json\/wp\/v2\/pages"}],"about":[{"href":"https:\/\/www.blueberry-giant.de\/ro\/wp-json\/wp\/v2\/types\/page"}],"author":[{"embeddable":true,"href":"https:\/\/www.blueberry-giant.de\/ro\/wp-json\/wp\/v2\/users\/2"}],"replies":[{"embeddable":true,"href":"https:\/\/www.blueberry-giant.de\/ro\/wp-json\/wp\/v2\/comments?post=1219"}],"version-history":[{"count":2,"href":"https:\/\/www.blueberry-giant.de\/ro\/wp-json\/wp\/v2\/pages\/1219\/revisions"}],"predecessor-version":[{"id":1494,"href":"https:\/\/www.blueberry-giant.de\/ro\/wp-json\/wp\/v2\/pages\/1219\/revisions\/1494"}],"wp:attachment":[{"href":"https:\/\/www.blueberry-giant.de\/ro\/wp-json\/wp\/v2\/media?parent=1219"}],"curies":[{"name":"wp","href":"https:\/\/api.w.org\/{rel}","templated":true}]}}