{"id":1213,"date":"2018-12-20T16:35:43","date_gmt":"2018-12-20T15:35:43","guid":{"rendered":"https:\/\/www.blueberry-giant.de\/?page_id=1213"},"modified":"2019-03-06T15:21:32","modified_gmt":"2019-03-06T14:21:32","slug":"informatii-generale-albastru","status":"publish","type":"page","link":"https:\/\/www.blueberry-giant.de\/ro\/informatii-generale-albastru\/","title":{"rendered":"Informa\u021bii generale albastru"},"content":{"rendered":"<p>[et_pb_section bb_built=&#8221;1&#8243; fullwidth=&#8221;on&#8221; specialty=&#8221;off&#8221; _builder_version=&#8221;3.0.97&#8243; module_class=&#8221;headsection&#8221;][et_pb_fullwidth_post_title _builder_version=&#8221;3.0.97&#8243; title=&#8221;off&#8221; meta=&#8221;off&#8221; author=&#8221;on&#8221; date=&#8221;on&#8221; categories=&#8221;on&#8221; comments=&#8221;on&#8221; featured_image=&#8221;off&#8221; featured_placement=&#8221;below&#8221; background_image=&#8221;http:\/\/www.blueberry-giant.de\/wp-content\/uploads\/2018\/01\/bg_werken.jpg&#8221; text_color=&#8221;dark&#8221; text_background=&#8221;off&#8221; module_class=&#8221;headsection&#8221; \/][\/et_pb_section][et_pb_section bb_built=&#8221;1&#8243;][et_pb_row _builder_version=&#8221;3.0.97&#8243; custom_margin=&#8221;||0px|&#8221; custom_padding=&#8221;||0px|&#8221;][et_pb_column type=&#8221;4_4&#8243;][et_pb_text admin_label=&#8221;Titel&#8221; _builder_version=&#8221;3.0.97&#8243; background_layout=&#8221;light&#8221;]<\/p>\n<h1>Informa\u021bie general\u0103 despre afine<\/h1>\n<p>[\/et_pb_text][\/et_pb_column][\/et_pb_row][et_pb_row][et_pb_column type=&#8221;3_4&#8243;][et_pb_text _builder_version=&#8221;3.0.97&#8243; background_layout=&#8221;light&#8221;]<\/p>\n<p>Afinul este un arbust fructifer cu in\u0103l\u021bimea de la 1.5 pina la 2.5 metri.Totu\u0219i,afinele este o specie diferita (Vaccinium myrtillus) la care in toamna frunzele devin ro\u0219ii.<\/p>\n<p>Afinele infloresc \u00een ciorchini cu o mare diferen\u021ba dintre prima floare \u0219i ultima din buchet.Culoarea florii este alb\u0103 crem pin\u0103 \u00een roz.\u00cenflorirea are loc \u00een prima jum\u0103tate a lunii mai.Dup\u0103 aceast\u0103 \u00eenflorire timputie ,peste noapte pot ap\u0103rea \u00eenghe\u021buri care pot provoca daune.Exist\u0103 soiuri care pot rezista la acest lucru.De\u0219i afinul se polenizeaz\u0103 singur,polenizarea \u00eencuci\u0219at\u0103 duce la fructa mult mai mari.<\/p>\n<p>&nbsp;<\/p>\n<p>[\/et_pb_text][\/et_pb_column][et_pb_column type=&#8221;1_4&#8243;][et_pb_image _builder_version=&#8221;3.0.97&#8243; src=&#8221;http:\/\/www.blueberry-giant.de\/wp-content\/uploads\/2018\/01\/blauwe-bessen-bloei.jpg&#8221; show_in_lightbox=&#8221;on&#8221; url_new_window=&#8221;off&#8221; use_overlay=&#8221;off&#8221; always_center_on_mobile=&#8221;on&#8221; force_fullwidth=&#8221;off&#8221; show_bottom_space=&#8221;on&#8221; alt=&#8221;blauwe bessen in bloei&#8221; \/][\/et_pb_column][\/et_pb_row][et_pb_row][et_pb_column type=&#8221;1_4&#8243;][et_pb_image _builder_version=&#8221;3.0.97&#8243; src=&#8221;https:\/\/www.blueberry-giant.de\/wp-content\/uploads\/2018\/01\/IMG_2420.jpg&#8221; show_in_lightbox=&#8221;on&#8221; url_new_window=&#8221;off&#8221; use_overlay=&#8221;off&#8221; always_center_on_mobile=&#8221;on&#8221; force_fullwidth=&#8221;off&#8221; show_bottom_space=&#8221;on&#8221; alt=&#8221;blauwe bessen struik&#8221; \/][\/et_pb_column][et_pb_column type=&#8221;3_4&#8243;][et_pb_text _builder_version=&#8221;3.0.97&#8243; background_layout=&#8221;light&#8221;]<\/p>\n<p>Afinele sunt polenizate de albine.Culoarea albastr\u0103 a fructelor de p\u0103dure cedeaz\u0103,gura poate deveni albastruie dar si \u00eembr\u0103c\u0103mintea.<\/p>\n<p>Afinele sunt originar din Statele Unite ale Americii.Omul a cescut afinele prin selec\u021bie \u0219i traversare.Cele mai multe soiuri provin din Statele Unite,dar exista \u0219i din Germania,de exemplu.<\/p>\n<p>&nbsp;<\/p>\n<p>[\/et_pb_text][\/et_pb_column][\/et_pb_row][et_pb_row][et_pb_column type=&#8221;4_4&#8243;][et_pb_text _builder_version=&#8221;3.0.97&#8243; background_layout=&#8221;light&#8221;]<\/p>\n<h2>Afinele sunt super s\u0103n\u0103toase<\/h2>\n<p>&nbsp;<\/p>\n<p>Pline de arom\u0103 \u0219i cu o muscatura ferm\u0103,afinele nu pot rezista,dar ele sunt de asemenea ,foarte bune pentru tine.<\/p>\n<p>Boabele dulci sunt antioxidan\u021bii ambala\u021bi,care au demonstrat c\u0103 reduc nu numai inflamatorii \u0219i holesterolul,dar si protejeaz\u0103 impotriva diferitor boli,dintre care este cancer-ul.<\/p>\n<p>Afinele au,de asemenea,un efect benefic asupra circula\u021biei s\u00e2ngelui,asupra inimii \u0219i vaselor de s\u00eenge,asupra ficatului \u0219i vezicii biliare.Ele con\u021bin gr\u0103simi \u0219i sodiu \u0219i asigur\u0103 o bun\u0103 digestie.Cantitatea mare de vitamine,fibre \u0219i minerale din afine ajut\u0103 la neutralizarea diferitor boli.<\/p>\n<p>[\/et_pb_text][\/et_pb_column][\/et_pb_row][\/et_pb_section]<\/p>\n","protected":false},"excerpt":{"rendered":"<p>Informa\u021bie general\u0103 despre afine <div class=\"et_pb_row et_pb_row_0 et_pb_row_empty\">\n\t\t\t\t\n\t\t\t\t\n\t\t\t\t\n\t\t\t\t\n\t\t\t\t\n\t\t\t<\/div> Afinul este un arbust fructifer cu in\u0103l\u021bimea de la 1.5 pina la 2.5 metri.Totu\u0219i,afinele este o specie diferita (Vaccinium myrtillus) la care in toamna frunzele devin ro\u0219ii. Afinele infloresc \u00een ciorchini cu o mare diferen\u021ba dintre prima floare \u0219i ultima din buchet.Culoarea florii este alb\u0103 crem pin\u0103 \u00een roz.\u00cenflorirea are [&hellip;]<\/p>\n","protected":false},"author":1,"featured_media":0,"parent":0,"menu_order":0,"comment_status":"closed","ping_status":"closed","template":"","meta":{"_et_pb_use_builder":"on","_et_pb_old_content":"","_et_gb_content_width":"","footnotes":""},"class_list":["post-1213","page","type-page","status-publish","hentry"],"_links":{"self":[{"href":"https:\/\/www.blueberry-giant.de\/ro\/wp-json\/wp\/v2\/pages\/1213","targetHints":{"allow":["GET"]}}],"collection":[{"href":"https:\/\/www.blueberry-giant.de\/ro\/wp-json\/wp\/v2\/pages"}],"about":[{"href":"https:\/\/www.blueberry-giant.de\/ro\/wp-json\/wp\/v2\/types\/page"}],"author":[{"embeddable":true,"href":"https:\/\/www.blueberry-giant.de\/ro\/wp-json\/wp\/v2\/users\/1"}],"replies":[{"embeddable":true,"href":"https:\/\/www.blueberry-giant.de\/ro\/wp-json\/wp\/v2\/comments?post=1213"}],"version-history":[{"count":5,"href":"https:\/\/www.blueberry-giant.de\/ro\/wp-json\/wp\/v2\/pages\/1213\/revisions"}],"predecessor-version":[{"id":1496,"href":"https:\/\/www.blueberry-giant.de\/ro\/wp-json\/wp\/v2\/pages\/1213\/revisions\/1496"}],"wp:attachment":[{"href":"https:\/\/www.blueberry-giant.de\/ro\/wp-json\/wp\/v2\/media?parent=1213"}],"curies":[{"name":"wp","href":"https:\/\/api.w.org\/{rel}","templated":true}]}}