{"id":271,"date":"2018-01-22T14:02:38","date_gmt":"2018-01-22T13:02:38","guid":{"rendered":"http:\/\/www.blueberry-giant.de\/solliciteren\/"},"modified":"2018-02-02T11:17:09","modified_gmt":"2018-02-02T10:17:09","slug":"rejestracja","status":"publish","type":"page","link":"https:\/\/www.blueberry-giant.de\/pl\/rejestracja\/","title":{"rendered":"Rejestracja"},"content":{"rendered":"<p>[et_pb_section bb_built=&#8221;1&#8243; fullwidth=&#8221;on&#8221; specialty=&#8221;off&#8221; _builder_version=&#8221;3.0.97&#8243; module_class=&#8221;headsection&#8221;][et_pb_fullwidth_post_title _builder_version=&#8221;3.0.97&#8243; title=&#8221;off&#8221; meta=&#8221;off&#8221; author=&#8221;on&#8221; date=&#8221;on&#8221; categories=&#8221;on&#8221; comments=&#8221;on&#8221; featured_image=&#8221;off&#8221; featured_placement=&#8221;below&#8221; background_image=&#8221;http:\/\/www.blueberry-giant.de\/wp-content\/uploads\/2018\/01\/slider2.png&#8221; text_color=&#8221;dark&#8221; text_background=&#8221;off&#8221; module_class=&#8221;headsection&#8221; \/][\/et_pb_section][et_pb_section bb_built=&#8221;1&#8243;][et_pb_row][et_pb_column type=&#8221;2_3&#8243;][et_pb_text _builder_version=&#8221;3.0.97&#8243; background_layout=&#8221;light&#8221;]<\/p>\n<h2><strong>Rejestracja<\/strong><\/h2>\n<p>W okresie od ko\u0144ca czerwca do ko\u0144ca wrze\u015bnia zbiory bor\u00f3wki \u00a0trwaj\u0105 pe\u0142n\u0105 par\u0105. Dlatego potrzebujemy wielu pracownik\u00f3w, kt\u00f3rzy pomog\u0105 nam przy zbiorach. Je\u017celi\u00a0 lubisz pracowa\u0107 na \u015bwie\u017cym powietrzu i chcesz zarobi\u0107 fajne kieszonkowe w lipcu, sierpniu i wrze\u015bniu zbieraj\u0105c bor\u00f3wki \u00a0&#8211; to zdecydowanie co\u015b dla Ciebie!<\/p>\n<p>[\/et_pb_text][et_pb_contact_form _builder_version=&#8221;3.0.97&#8243; captcha=&#8221;on&#8221; use_redirect=&#8221;off&#8221; custom_button=&#8221;off&#8221; button_icon_placement=&#8221;right&#8221; submit_button_text=&#8221;wys\u0142a\u0107&#8221; success_message=&#8221;Dzi\u0119kujemy za odpowied\u017a i rejestracj\u0119 za po\u015brednictwem naszej strony internetowej. Skontaktujemy si\u0119 z Tob\u0105 w ci\u0105gu 5 dni roboczych.&#8221; email=&#8221;praca@blueberry-giant.de&#8221; custom_message=&#8221;Voornaam: %%voornaam%%||et_pb_line_break_holder||Achternaam: %%achternaam%%||et_pb_line_break_holder||Telefoonnummer mobiel: %%telefoon%%||et_pb_line_break_holder||E-mail: %%email%%||et_pb_line_break_holder||Bericht: %%message%%||et_pb_line_break_holder||&#8221;][et_pb_contact_field _builder_version=&#8221;3.0.97&#8243; field_id=&#8221;voornaam&#8221; field_title=&#8221;Imi\u0119\/Imiona&#8221; field_type=&#8221;input&#8221; checkbox_checked=&#8221;off&#8221; checkbox_options=&#8221;%91{%22value%22:%22%22,%22checked%22:0}%93&#8243; radio_options=&#8221;%91{%22value%22:%22%22,%22checked%22:0}%93&#8243; select_options=&#8221;%91{%22value%22:%22%22,%22checked%22:0}%93&#8243; min_length=&#8221;0&#8243; max_length=&#8221;0&#8243; allowed_symbols=&#8221;all&#8221; required_mark=&#8221;on&#8221; conditional_logic=&#8221;off&#8221; conditional_logic_relation=&#8221;off&#8221; conditional_logic_rules=&#8221;%91{%22field%22:%22achternaam%22,%22condition%22:%22is%22,%22value%22:%22%22}%93&#8243; use_background_color_gradient=&#8221;off&#8221; background_color_gradient_start=&#8221;#2b87da&#8221; background_color_gradient_end=&#8221;#29c4a9&#8243; background_color_gradient_type=&#8221;linear&#8221; background_color_gradient_direction=&#8221;180deg&#8221; background_color_gradient_direction_radial=&#8221;center&#8221; background_color_gradient_start_position=&#8221;0%&#8221; background_color_gradient_end_position=&#8221;100%&#8221; background_color_gradient_overlays_image=&#8221;off&#8221; parallax=&#8221;off&#8221; parallax_method=&#8221;on&#8221; background_size=&#8221;cover&#8221; background_position=&#8221;center&#8221; background_repeat=&#8221;no-repeat&#8221; background_blend=&#8221;normal&#8221; allow_player_pause=&#8221;off&#8221; fullwidth_field=&#8221;off&#8221; \/][et_pb_contact_field _builder_version=&#8221;3.0.97&#8243; field_id=&#8221;achternaam&#8221; field_title=&#8221;Nazwisko&#8221; field_type=&#8221;input&#8221; checkbox_checked=&#8221;off&#8221; checkbox_options=&#8221;%91{%22value%22:%22%22,%22checked%22:0}%93&#8243; radio_options=&#8221;%91{%22value%22:%22%22,%22checked%22:0}%93&#8243; select_options=&#8221;%91{%22value%22:%22%22,%22checked%22:0}%93&#8243; min_length=&#8221;0&#8243; max_length=&#8221;0&#8243; allowed_symbols=&#8221;all&#8221; required_mark=&#8221;on&#8221; conditional_logic=&#8221;off&#8221; conditional_logic_relation=&#8221;off&#8221; conditional_logic_rules=&#8221;%91{%22field%22:%22voornaam%22,%22condition%22:%22is%22,%22value%22:%22%22}%93&#8243; use_background_color_gradient=&#8221;off&#8221; background_color_gradient_start=&#8221;#2b87da&#8221; background_color_gradient_end=&#8221;#29c4a9&#8243; background_color_gradient_type=&#8221;linear&#8221; background_color_gradient_direction=&#8221;180deg&#8221; background_color_gradient_direction_radial=&#8221;center&#8221; background_color_gradient_start_position=&#8221;0%&#8221; background_color_gradient_end_position=&#8221;100%&#8221; background_color_gradient_overlays_image=&#8221;off&#8221; parallax=&#8221;off&#8221; parallax_method=&#8221;on&#8221; background_size=&#8221;cover&#8221; background_position=&#8221;center&#8221; background_repeat=&#8221;no-repeat&#8221; background_blend=&#8221;normal&#8221; allow_player_pause=&#8221;off&#8221; fullwidth_field=&#8221;off&#8221; \/][et_pb_contact_field _builder_version=&#8221;3.0.97&#8243; field_id=&#8221;telefoon&#8221; field_title=&#8221;Numer telefonu&#8221; field_type=&#8221;input&#8221; checkbox_checked=&#8221;off&#8221; checkbox_options=&#8221;%91{%22value%22:%22%22,%22checked%22:0}%93&#8243; radio_options=&#8221;%91{%22value%22:%22%22,%22checked%22:0}%93&#8243; select_options=&#8221;%91{%22value%22:%22%22,%22checked%22:0}%93&#8243; min_length=&#8221;0&#8243; max_length=&#8221;0&#8243; allowed_symbols=&#8221;all&#8221; required_mark=&#8221;on&#8221; conditional_logic=&#8221;off&#8221; conditional_logic_relation=&#8221;off&#8221; conditional_logic_rules=&#8221;%91{%22field%22:%22voornaam%22,%22condition%22:%22is%22,%22value%22:%22%22}%93&#8243; use_background_color_gradient=&#8221;off&#8221; background_color_gradient_start=&#8221;#2b87da&#8221; background_color_gradient_end=&#8221;#29c4a9&#8243; background_color_gradient_type=&#8221;linear&#8221; background_color_gradient_direction=&#8221;180deg&#8221; background_color_gradient_direction_radial=&#8221;center&#8221; background_color_gradient_start_position=&#8221;0%&#8221; background_color_gradient_end_position=&#8221;100%&#8221; background_color_gradient_overlays_image=&#8221;off&#8221; parallax=&#8221;off&#8221; parallax_method=&#8221;on&#8221; background_size=&#8221;cover&#8221; background_position=&#8221;center&#8221; background_repeat=&#8221;no-repeat&#8221; background_blend=&#8221;normal&#8221; allow_player_pause=&#8221;off&#8221; fullwidth_field=&#8221;off&#8221; \/][et_pb_contact_field field_title=&#8221;Adres e-mail&#8221; field_type=&#8221;email&#8221; field_id=&#8221;email&#8221; required_mark=&#8221;on&#8221; fullwidth_field=&#8221;off&#8221; _builder_version=&#8221;3.0.97&#8243; checkbox_checked=&#8221;off&#8221; checkbox_options=&#8221;%91{%22value%22:%22E-mailadres%22,%22checked%22:0}%93&#8243; radio_options=&#8221;%91{%22value%22:%22E-mailadres%22,%22checked%22:0}%93&#8243; select_options=&#8221;%91{%22value%22:%22E-mailadres%22,%22checked%22:0}%93&#8243; min_length=&#8221;0&#8243; max_length=&#8221;0&#8243; allowed_symbols=&#8221;all&#8221; conditional_logic=&#8221;off&#8221; conditional_logic_relation=&#8221;off&#8221; conditional_logic_rules=&#8221;%91{%22field%22:%22voornaam%22,%22condition%22:%22is%22,%22value%22:%22%22}%93&#8243; use_background_color_gradient=&#8221;off&#8221; background_color_gradient_start=&#8221;#2b87da&#8221; background_color_gradient_end=&#8221;#29c4a9&#8243; background_color_gradient_type=&#8221;linear&#8221; background_color_gradient_direction=&#8221;180deg&#8221; background_color_gradient_direction_radial=&#8221;center&#8221; background_color_gradient_start_position=&#8221;0%&#8221; background_color_gradient_end_position=&#8221;100%&#8221; background_color_gradient_overlays_image=&#8221;off&#8221; parallax=&#8221;off&#8221; parallax_method=&#8221;on&#8221; background_size=&#8221;cover&#8221; background_position=&#8221;center&#8221; background_repeat=&#8221;no-repeat&#8221; background_blend=&#8221;normal&#8221; allow_player_pause=&#8221;off&#8221; \/][et_pb_contact_field field_title=&#8221;Pytania i sugestie&#8221; field_type=&#8221;text&#8221; field_id=&#8221;message&#8221; required_mark=&#8221;on&#8221; fullwidth_field=&#8221;on&#8221; _builder_version=&#8221;3.0.97&#8243; checkbox_checked=&#8221;off&#8221; checkbox_options=&#8221;%91{%22value%22:%22Bericht%22,%22checked%22:0}%93&#8243; radio_options=&#8221;%91{%22value%22:%22Bericht%22,%22checked%22:0}%93&#8243; select_options=&#8221;%91{%22value%22:%22Bericht%22,%22checked%22:0}%93&#8243; min_length=&#8221;0&#8243; max_length=&#8221;0&#8243; allowed_symbols=&#8221;all&#8221; conditional_logic=&#8221;off&#8221; conditional_logic_relation=&#8221;off&#8221; conditional_logic_rules=&#8221;%91{%22field%22:%22voornaam%22,%22condition%22:%22is%22,%22value%22:%22%22}%93&#8243; use_background_color_gradient=&#8221;off&#8221; background_color_gradient_start=&#8221;#2b87da&#8221; background_color_gradient_end=&#8221;#29c4a9&#8243; background_color_gradient_type=&#8221;linear&#8221; background_color_gradient_direction=&#8221;180deg&#8221; background_color_gradient_direction_radial=&#8221;center&#8221; background_color_gradient_start_position=&#8221;0%&#8221; background_color_gradient_end_position=&#8221;100%&#8221; background_color_gradient_overlays_image=&#8221;off&#8221; parallax=&#8221;off&#8221; parallax_method=&#8221;on&#8221; background_size=&#8221;cover&#8221; background_position=&#8221;center&#8221; background_repeat=&#8221;no-repeat&#8221; background_blend=&#8221;normal&#8221; allow_player_pause=&#8221;off&#8221; \/][\/et_pb_contact_form][\/et_pb_column][et_pb_column type=&#8221;1_3&#8243;][et_pb_sidebar admin_label=&#8221;homepage widget&#8221; _builder_version=&#8221;3.0.94&#8243; area=&#8221;et_pb_widget_area_1&#8243; orientation=&#8221;right&#8221; show_border=&#8221;off&#8221; background_layout=&#8221;light&#8221; module_id=&#8221;homewidget&#8221; \/][et_pb_image _builder_version=&#8221;3.0.94&#8243; src=&#8221;http:\/\/www.blueberry-giant.de\/wp-content\/uploads\/2018\/01\/blauwebes.jpg&#8221; show_in_lightbox=&#8221;off&#8221; url_new_window=&#8221;off&#8221; use_overlay=&#8221;off&#8221; always_center_on_mobile=&#8221;on&#8221; force_fullwidth=&#8221;off&#8221; show_bottom_space=&#8221;on&#8221; \/][\/et_pb_column][\/et_pb_row][\/et_pb_section]<\/p>\n","protected":false},"excerpt":{"rendered":"<p><div class=\"et_pb_row et_pb_row_0 et_pb_row_empty\">\n\t\t\t\t\n\t\t\t\t\n\t\t\t\t\n\t\t\t\t\n\t\t\t\t\n\t\t\t<\/div> Rejestracja W okresie od ko\u0144ca czerwca do ko\u0144ca wrze\u015bnia zbiory bor\u00f3wki \u00a0trwaj\u0105 pe\u0142n\u0105 par\u0105. Dlatego potrzebujemy wielu pracownik\u00f3w, kt\u00f3rzy pomog\u0105 nam przy zbiorach. Je\u017celi\u00a0 lubisz pracowa\u0107 na \u015bwie\u017cym powietrzu i chcesz zarobi\u0107 fajne kieszonkowe w lipcu, sierpniu i wrze\u015bniu zbieraj\u0105c bor\u00f3wki \u00a0&#8211; to zdecydowanie co\u015b dla Ciebie!<\/p>\n","protected":false},"author":1,"featured_media":0,"parent":0,"menu_order":0,"comment_status":"closed","ping_status":"closed","template":"","meta":{"_et_pb_use_builder":"on","_et_pb_old_content":"","_et_gb_content_width":"","footnotes":""},"class_list":["post-271","page","type-page","status-publish","hentry"],"_links":{"self":[{"href":"https:\/\/www.blueberry-giant.de\/pl\/wp-json\/wp\/v2\/pages\/271","targetHints":{"allow":["GET"]}}],"collection":[{"href":"https:\/\/www.blueberry-giant.de\/pl\/wp-json\/wp\/v2\/pages"}],"about":[{"href":"https:\/\/www.blueberry-giant.de\/pl\/wp-json\/wp\/v2\/types\/page"}],"author":[{"embeddable":true,"href":"https:\/\/www.blueberry-giant.de\/pl\/wp-json\/wp\/v2\/users\/1"}],"replies":[{"embeddable":true,"href":"https:\/\/www.blueberry-giant.de\/pl\/wp-json\/wp\/v2\/comments?post=271"}],"version-history":[{"count":11,"href":"https:\/\/www.blueberry-giant.de\/pl\/wp-json\/wp\/v2\/pages\/271\/revisions"}],"predecessor-version":[{"id":484,"href":"https:\/\/www.blueberry-giant.de\/pl\/wp-json\/wp\/v2\/pages\/271\/revisions\/484"}],"wp:attachment":[{"href":"https:\/\/www.blueberry-giant.de\/pl\/wp-json\/wp\/v2\/media?parent=271"}],"curies":[{"name":"wp","href":"https:\/\/api.w.org\/{rel}","templated":true}]}}