{"id":263,"date":"2018-01-11T14:52:33","date_gmt":"2018-01-11T13:52:33","guid":{"rendered":"http:\/\/www.blueberry-giant.de\/verkoop-blauwe-bessen\/"},"modified":"2018-01-31T13:09:12","modified_gmt":"2018-01-31T12:09:12","slug":"sprzedaz-borowki","status":"publish","type":"page","link":"https:\/\/www.blueberry-giant.de\/pl\/sprzedaz-borowki\/","title":{"rendered":"Sprzeda\u017c bor\u00f3wki"},"content":{"rendered":"<p>[et_pb_section bb_built=&#8221;1&#8243; fullwidth=&#8221;on&#8221; specialty=&#8221;off&#8221; _builder_version=&#8221;3.0.97&#8243; module_class=&#8221;headsection&#8221;][et_pb_fullwidth_post_title _builder_version=&#8221;3.0.97&#8243; title=&#8221;off&#8221; meta=&#8221;off&#8221; author=&#8221;on&#8221; date=&#8221;on&#8221; categories=&#8221;on&#8221; comments=&#8221;on&#8221; featured_image=&#8221;off&#8221; featured_placement=&#8221;below&#8221; background_image=&#8221;http:\/\/www.blueberry-giant.de\/wp-content\/uploads\/2018\/01\/bg_werken.jpg&#8221; text_color=&#8221;dark&#8221; text_background=&#8221;off&#8221; module_class=&#8221;headsection&#8221; \/][\/et_pb_section][et_pb_section bb_built=&#8221;1&#8243;][et_pb_row _builder_version=&#8221;3.0.97&#8243; custom_margin=&#8221;||0px|&#8221; custom_padding=&#8221;||0px|&#8221;][et_pb_column type=&#8221;4_4&#8243;][et_pb_text _builder_version=&#8221;3.0.97&#8243; background_layout=&#8221;light&#8221;]<\/p>\n<h1>Sprzeda\u017c bor\u00f3wki<\/h1>\n<p>[\/et_pb_text][\/et_pb_column][\/et_pb_row][et_pb_row][et_pb_column type=&#8221;2_3&#8243;][et_pb_text _builder_version=&#8221;3.0.97&#8243; background_layout=&#8221;light&#8221;]<\/p>\n<h2>Codziennie \u015bwie\u017ce dojrza\u0142e bor\u00f3wki<\/h2>\n<p><strong>Godziny pracy<\/strong><\/p>\n<p>Sklep otwarty jest od ko\u0144ca czerwca do ko\u0144ca wrze\u015bnia.<\/p>\n<p>Poniedzia\u0142ek &#8211; Pi\u0105tek od 10.00 do 17.00<\/p>\n<p>Sobota od 09.00 do 15.00.<\/p>\n<p><strong>Produkty<\/strong><\/p>\n<p>Nie tylko sprzedajemy \u015bwie\u017ce, starannie dobrane bor\u00f3wki , ale tak\u017ce takie produkty jak:<\/p>\n<ul>\n<li>D\u017cem,<\/li>\n<li>Sok,<\/li>\n<li>Syrop,<\/li>\n<li>Sos deserowy,<\/li>\n<li>Mi\u00f3d z kwiatow bor\u00f3wki<\/li>\n<\/ul>\n<p>Wszystkie produkty powstaj\u0105 z owoc\u00f3w zebranych na naszej plantacji.<\/p>\n<p>[\/et_pb_text][\/et_pb_column][et_pb_column type=&#8221;1_3&#8243;][et_pb_image _builder_version=&#8221;3.0.97&#8243; src=&#8221;https:\/\/www.blueberry-giant.de\/wp-content\/uploads\/2018\/01\/totaal_pakket.jpg&#8221; show_in_lightbox=&#8221;on&#8221; url_new_window=&#8221;off&#8221; use_overlay=&#8221;off&#8221; always_center_on_mobile=&#8221;on&#8221; force_fullwidth=&#8221;off&#8221; show_bottom_space=&#8221;on&#8221; alt=&#8221;jagody w rozkwicie&#8221; \/][\/et_pb_column][\/et_pb_row][\/et_pb_section]<\/p>\n","protected":false},"excerpt":{"rendered":"<p>Sprzeda\u017c bor\u00f3wki <div class=\"et_pb_row et_pb_row_0 et_pb_row_empty\">\n\t\t\t\t\n\t\t\t\t\n\t\t\t\t\n\t\t\t\t\n\t\t\t\t\n\t\t\t<\/div> Codziennie \u015bwie\u017ce dojrza\u0142e bor\u00f3wki Godziny pracy Sklep otwarty jest od ko\u0144ca czerwca do ko\u0144ca wrze\u015bnia. Poniedzia\u0142ek &#8211; Pi\u0105tek od 10.00 do 17.00 Sobota od 09.00 do 15.00. Produkty Nie tylko sprzedajemy \u015bwie\u017ce, starannie dobrane bor\u00f3wki , ale tak\u017ce takie produkty jak: D\u017cem, Sok, Syrop, Sos deserowy, Mi\u00f3d z kwiatow bor\u00f3wki Wszystkie produkty [&hellip;]<\/p>\n","protected":false},"author":1,"featured_media":0,"parent":0,"menu_order":0,"comment_status":"closed","ping_status":"closed","template":"","meta":{"_et_pb_use_builder":"on","_et_pb_old_content":"","_et_gb_content_width":"","footnotes":""},"class_list":["post-263","page","type-page","status-publish","hentry"],"_links":{"self":[{"href":"https:\/\/www.blueberry-giant.de\/pl\/wp-json\/wp\/v2\/pages\/263","targetHints":{"allow":["GET"]}}],"collection":[{"href":"https:\/\/www.blueberry-giant.de\/pl\/wp-json\/wp\/v2\/pages"}],"about":[{"href":"https:\/\/www.blueberry-giant.de\/pl\/wp-json\/wp\/v2\/types\/page"}],"author":[{"embeddable":true,"href":"https:\/\/www.blueberry-giant.de\/pl\/wp-json\/wp\/v2\/users\/1"}],"replies":[{"embeddable":true,"href":"https:\/\/www.blueberry-giant.de\/pl\/wp-json\/wp\/v2\/comments?post=263"}],"version-history":[{"count":8,"href":"https:\/\/www.blueberry-giant.de\/pl\/wp-json\/wp\/v2\/pages\/263\/revisions"}],"predecessor-version":[{"id":467,"href":"https:\/\/www.blueberry-giant.de\/pl\/wp-json\/wp\/v2\/pages\/263\/revisions\/467"}],"wp:attachment":[{"href":"https:\/\/www.blueberry-giant.de\/pl\/wp-json\/wp\/v2\/media?parent=263"}],"curies":[{"name":"wp","href":"https:\/\/api.w.org\/{rel}","templated":true}]}}