{"id":260,"date":"2018-01-22T16:26:08","date_gmt":"2018-01-22T15:26:08","guid":{"rendered":"http:\/\/www.blueberry-giant.de\/arbeiten-bei-blueberry-giant\/"},"modified":"2018-01-31T09:52:38","modified_gmt":"2018-01-31T08:52:38","slug":"pracuje-w-blueberry-giant","status":"publish","type":"page","link":"https:\/\/www.blueberry-giant.de\/pl\/pracuje-w-blueberry-giant\/","title":{"rendered":"Praca w Blueberry Giant"},"content":{"rendered":"<p>[et_pb_section bb_built=&#8221;1&#8243; fullwidth=&#8221;on&#8221; specialty=&#8221;off&#8221; _builder_version=&#8221;3.0.97&#8243; module_class=&#8221;headsection&#8221;][et_pb_fullwidth_post_title _builder_version=&#8221;3.0.97&#8243; title=&#8221;off&#8221; meta=&#8221;off&#8221; author=&#8221;on&#8221; date=&#8221;on&#8221; categories=&#8221;on&#8221; comments=&#8221;on&#8221; featured_image=&#8221;off&#8221; featured_placement=&#8221;below&#8221; background_image=&#8221;http:\/\/www.blueberry-giant.de\/wp-content\/uploads\/2018\/01\/slider2.png&#8221; text_color=&#8221;dark&#8221; text_background=&#8221;off&#8221; module_class=&#8221;headsection&#8221; \/][\/et_pb_section][et_pb_section bb_built=&#8221;1&#8243;][et_pb_row][et_pb_column type=&#8221;2_3&#8243;][et_pb_text _builder_version=&#8221;3.0.97&#8243; background_layout=&#8221;light&#8221;]<\/p>\n<h1>Praca w Blueberry Giant<\/h1>\n<h2><\/h2>\n<h2><strong>Zbi\u00f3r bor\u00f3wki<\/strong><\/h2>\n<p>Bor\u00f3wki zbierane s\u0105 g\u0142\u00f3wnie r\u0119cznie dlatego potrzebujemy wielu sezonowych pracownik\u00f3w. Zbiory bor\u00f3wki w pe\u0142nym rozkwicie trwaj\u0105 od ko\u0144ca czerwca do ko\u0144ca wrze\u015bnia. Praca jest bardzo korzystna dla pa\u0144. Je\u017celi uwielbiasz prace na \u015bwie\u017cym powietrzu a przy tym chcesz podreperowa\u0107 bud\u017cet &#8211; jest to zdecydowanie praca dla Ciebie!<\/p>\n<h2><strong>Inne prace<\/strong><\/h2>\n<p>Poza sezonem, potrzebujemy tak\u017ce ludzi ch\u0119tnych do innych prac. Chodzi tu o przycinanie krzew\u00f3w bor\u00f3wki oraz ewentualnej pracy na ci\u0105gniku. Musisz by\u0107 przygotowany do przeprowadzenia wszystkich prac, kt\u00f3re s\u0105 przydzielane.<\/p>\n<p>Przed rozpocz\u0119ciem jakichkolwiek prac wymagana jest elastyczno\u015b\u0107 odno\u015bnie godzin pracy. Liczba godzin mo\u017ce zmienia\u0107 si\u0119 w ci\u0105gu dnia, cz\u0119\u015bciowo dlatego, \u017ce dzia\u0142ania s\u0105 uzale\u017cnione od warunk\u00f3w pogodowych.<\/p>\n<h2><strong>Zakwaterowanie<\/strong><\/h2>\n<p>Zapewniamy zakwaterowania na terenie firmy, dzi\u0119ki czemu pracownicy nie trac\u0105 zb\u0119dnego czasu na dojazd do miejsca pracy. Nie wykluczmy jednak korzystania z autokaru w razie potrzeby. B\u0119dziesz mieszka\u0107 w domku lub lokalu mieszkalnym (tzw. unit). Mieszkania posiadaj\u0105 toalet\u0119 i prysznic i mog\u0105 pomie\u015bci\u0107 do sze\u015bciu os\u00f3b. Mamy te\u017c \u015bwietlic\u0119, gdzie mo\u017cna gotowa\u0107 i wypoczywa\u0107. Posiadamy tak\u017ce darmowe WiFi.<\/p>\n<h2><strong>Transport<\/strong><\/h2>\n<p>Raz w tygodniu masz mo\u017cliwo\u015b\u0107 pojecha\u0107 na zakupy do centrum autobusem Kevelaer (DE) lub Bergen (NL).<\/p>\n<p>[\/et_pb_text][\/et_pb_column][et_pb_column type=&#8221;1_3&#8243;][et_pb_sidebar admin_label=&#8221;homepage widget&#8221; _builder_version=&#8221;3.0.94&#8243; area=&#8221;et_pb_widget_area_1&#8243; orientation=&#8221;right&#8221; show_border=&#8221;off&#8221; background_layout=&#8221;light&#8221; module_id=&#8221;homewidget&#8221; \/][et_pb_image _builder_version=&#8221;3.0.94&#8243; src=&#8221;http:\/\/www.blueberry-giant.de\/wp-content\/uploads\/2018\/01\/blauwebes.jpg&#8221; show_in_lightbox=&#8221;off&#8221; url_new_window=&#8221;off&#8221; use_overlay=&#8221;off&#8221; always_center_on_mobile=&#8221;on&#8221; force_fullwidth=&#8221;off&#8221; show_bottom_space=&#8221;on&#8221; \/][\/et_pb_column][\/et_pb_row][\/et_pb_section]<\/p>\n","protected":false},"excerpt":{"rendered":"<p><div class=\"et_pb_row et_pb_row_0 et_pb_row_empty\">\n\t\t\t\t\n\t\t\t\t\n\t\t\t\t\n\t\t\t\t\n\t\t\t\t\n\t\t\t<\/div> Praca w Blueberry Giant Zbi\u00f3r bor\u00f3wki Bor\u00f3wki zbierane s\u0105 g\u0142\u00f3wnie r\u0119cznie dlatego potrzebujemy wielu sezonowych pracownik\u00f3w. Zbiory bor\u00f3wki w pe\u0142nym rozkwicie trwaj\u0105 od ko\u0144ca czerwca do ko\u0144ca wrze\u015bnia. Praca jest bardzo korzystna dla pa\u0144. Je\u017celi uwielbiasz prace na \u015bwie\u017cym powietrzu a przy tym chcesz podreperowa\u0107 bud\u017cet &#8211; jest to zdecydowanie praca dla Ciebie! Inne [&hellip;]<\/p>\n","protected":false},"author":1,"featured_media":0,"parent":0,"menu_order":0,"comment_status":"closed","ping_status":"closed","template":"","meta":{"_et_pb_use_builder":"on","_et_pb_old_content":"","_et_gb_content_width":"","footnotes":""},"class_list":["post-260","page","type-page","status-publish","hentry"],"_links":{"self":[{"href":"https:\/\/www.blueberry-giant.de\/pl\/wp-json\/wp\/v2\/pages\/260","targetHints":{"allow":["GET"]}}],"collection":[{"href":"https:\/\/www.blueberry-giant.de\/pl\/wp-json\/wp\/v2\/pages"}],"about":[{"href":"https:\/\/www.blueberry-giant.de\/pl\/wp-json\/wp\/v2\/types\/page"}],"author":[{"embeddable":true,"href":"https:\/\/www.blueberry-giant.de\/pl\/wp-json\/wp\/v2\/users\/1"}],"replies":[{"embeddable":true,"href":"https:\/\/www.blueberry-giant.de\/pl\/wp-json\/wp\/v2\/comments?post=260"}],"version-history":[{"count":9,"href":"https:\/\/www.blueberry-giant.de\/pl\/wp-json\/wp\/v2\/pages\/260\/revisions"}],"predecessor-version":[{"id":381,"href":"https:\/\/www.blueberry-giant.de\/pl\/wp-json\/wp\/v2\/pages\/260\/revisions\/381"}],"wp:attachment":[{"href":"https:\/\/www.blueberry-giant.de\/pl\/wp-json\/wp\/v2\/media?parent=260"}],"curies":[{"name":"wp","href":"https:\/\/api.w.org\/{rel}","templated":true}]}}