{"id":251,"date":"2018-01-22T16:22:14","date_gmt":"2018-01-22T15:22:14","guid":{"rendered":"http:\/\/www.blueberry-giant.de\/?page_id=251"},"modified":"2018-01-31T09:44:07","modified_gmt":"2018-01-31T08:44:07","slug":"informacje-ogolne-niebieskie-jagody","status":"publish","type":"page","link":"https:\/\/www.blueberry-giant.de\/pl\/informacje-ogolne-niebieskie-jagody\/","title":{"rendered":"Informacje og\u00f3lne o bor\u00f3wkach"},"content":{"rendered":"<p>[et_pb_section bb_built=&#8221;1&#8243; fullwidth=&#8221;on&#8221; specialty=&#8221;off&#8221; _builder_version=&#8221;3.0.97&#8243; module_class=&#8221;headsection&#8221;][et_pb_fullwidth_post_title _builder_version=&#8221;3.0.97&#8243; title=&#8221;off&#8221; meta=&#8221;off&#8221; author=&#8221;on&#8221; date=&#8221;on&#8221; categories=&#8221;on&#8221; comments=&#8221;on&#8221; featured_image=&#8221;off&#8221; featured_placement=&#8221;below&#8221; background_image=&#8221;http:\/\/www.blueberry-giant.de\/wp-content\/uploads\/2018\/01\/bg_werken.jpg&#8221; text_color=&#8221;dark&#8221; text_background=&#8221;off&#8221; module_class=&#8221;headsection&#8221; \/][\/et_pb_section][et_pb_section bb_built=&#8221;1&#8243;][et_pb_row _builder_version=&#8221;3.0.97&#8243; custom_margin=&#8221;||0px|&#8221; custom_padding=&#8221;||0px|&#8221;][et_pb_column type=&#8221;4_4&#8243;][et_pb_text admin_label=&#8221;Titel&#8221; _builder_version=&#8221;3.0.97&#8243; background_layout=&#8221;light&#8221;]<\/p>\n<h1>Informacje og\u00f3lne o bor\u00f3wkach<\/h1>\n<p>&nbsp;<\/p>\n<p>[\/et_pb_text][\/et_pb_column][\/et_pb_row][et_pb_row][et_pb_column type=&#8221;3_4&#8243;][et_pb_text _builder_version=&#8221;3.0.97&#8243; background_layout=&#8221;light&#8221;]<\/p>\n<p>Bor\u00f3wka wysoka, inaczej ameryka\u0144ska (Vaccinium corymbosum) Mrozoodporny krzew sadowniczy zrzucaj\u0105cy na zim\u0119 li\u015bcie. Ma wzniesione proste p\u0119dy i eliptyczne, sk\u00f3rzaste li\u015bcie, kt\u00f3re jesieni\u0105 przebarwiaj\u0105 si\u0119 na \u017c\u00f3\u0142to i czerwono. Na ko\u0144cach p\u0119d\u00f3w tworzy grona drobnych dzwonkowatych kremowor\u00f3\u017cowych kwiat\u00f3w. Jest gatunkiem obcopylnym, dobrze owocuje, gdy razem rosn\u0105 przynajmniej dwie odmiany.<\/p>\n<p>&nbsp;<\/p>\n<p>[\/et_pb_text][\/et_pb_column][et_pb_column type=&#8221;1_4&#8243;][et_pb_image _builder_version=&#8221;3.0.97&#8243; src=&#8221;http:\/\/www.blueberry-giant.de\/wp-content\/uploads\/2018\/01\/blauwe-bessen-bloei.jpg&#8221; show_in_lightbox=&#8221;on&#8221; url_new_window=&#8221;off&#8221; use_overlay=&#8221;off&#8221; always_center_on_mobile=&#8221;on&#8221; force_fullwidth=&#8221;off&#8221; show_bottom_space=&#8221;on&#8221; alt=&#8221;blauwe bessen in bloei&#8221; \/][\/et_pb_column][\/et_pb_row][et_pb_row][et_pb_column type=&#8221;1_4&#8243;][et_pb_image _builder_version=&#8221;3.0.97&#8243; src=&#8221;http:\/\/www.blueberry-giant.de\/wp-content\/uploads\/2018\/01\/blauwe-bessen-struik.jpg&#8221; show_in_lightbox=&#8221;on&#8221; url_new_window=&#8221;off&#8221; use_overlay=&#8221;off&#8221; always_center_on_mobile=&#8221;on&#8221; force_fullwidth=&#8221;off&#8221; show_bottom_space=&#8221;on&#8221; alt=&#8221;blauwe bessen struik&#8221; \/][\/et_pb_column][et_pb_column type=&#8221;3_4&#8243;][et_pb_text _builder_version=&#8221;3.0.97&#8243; background_layout=&#8221;light&#8221;]<\/p>\n<p>Bor\u00f3wki \u00a0dojrzewaj\u0105 stopniowo. Zrywa si\u0119 je w kilka dni po ca\u0142kowitym wybarwieniu, gdy pokryte s\u0105 b\u0142\u0119kitnym nalotem. Z jednego krzewu mo\u017cna ich zebra\u0107 od 3 do 6 kg. Ro\u015bliny p\u0142ytko si\u0119 korzeni\u0105 i nie tworz\u0105 korzeni w\u0142o\u015bnikowych. \u017byj\u0105 w symbiozie z grzybami mikoryzowymi, kt\u00f3re dostarczaj\u0105 im potrzebnych zwi\u0105zk\u00f3w mineralnych.<\/p>\n<p>Bor\u00f3wka pochodzi z p\u00f3\u0142nocno-wschodniej cz\u0119\u015bci Stan\u00f3w Zjednoczonych. Cz\u0142owiek wyhodowa\u0142 jagod\u0119 przez selekcj\u0119 i krzy\u017cowanie. Wi\u0119kszo\u015b\u0107 odmian pochodzi ze Stan\u00f3w Zjednoczonych, ale s\u0105 te\u017c na przyk\u0142ad niemieckie odmiany.<\/p>\n<p>&nbsp;<\/p>\n<p>&nbsp;<\/p>\n<p>[\/et_pb_text][\/et_pb_column][\/et_pb_row][et_pb_row][et_pb_column type=&#8221;4_4&#8243;][et_pb_text _builder_version=&#8221;3.0.97&#8243; background_layout=&#8221;light&#8221;]<\/p>\n<h2>Bor\u00f3wki s\u0105 bardzo zdrowe<\/h2>\n<p>Pe\u0142ne smaku i aromatu; jagody sprawiaj\u0105 ze nie da im si\u0119 oprze\u0107! Owoce bor\u00f3wki s\u0105 bardzo bogate w zwi\u0105zki bioaktywne. Te smaczne i zdrowe owoce jagodowe, maj\u0105 du\u017c\u0105 warto\u015b\u0107 od\u017cywcz\u0105. S\u0105 bogate w cukry, kwasy mineralne, sole mineralne, pektyny, witaminy. Nadaj\u0105 si\u0119 do spo\u017cycia na surowo, jako owoc deserowy, jak r\u00f3wnie\u017c na przetwory.<\/p>\n<p>S\u0142odka bor\u00f3wka jest nasycona przeciwutleniaczami, kt\u00f3rych badania wykaza\u0142y, \u017ce nie tylko zmniejszaj\u0105 dzia\u0142anie przeciwzapalne i redukuj\u0105 cholesterol, ale tak\u017ce chroni\u0105 przed r\u00f3\u017cnymi chorobami, z kt\u00f3rych najwa\u017cniejsz\u0105 jest rak. Wp\u0142ywaj\u0105 r\u00f3wnie\u017c korzystnie na wzrok.<\/p>\n<p>Bor\u00f3wki maj\u0105 r\u00f3wnie\u017c korzystny wp\u0142yw na uk\u0142ad kr\u0105\u017cenia, serca i naczy\u0144 krwiono\u015bnych, w\u0105troby i p\u0119cherzyka \u017c\u00f3\u0142ciowego. Zawieraj\u0105 ma\u0142o t\u0142uszczu, sodu i zapewniaj\u0105 prawid\u0142owe trawienie. Du\u017ca ilo\u015b\u0107 witamin, minera\u0142\u00f3w i w\u0142\u00f3kien w jagodach neutralizuje tzw. wolne rodniki, kt\u00f3re s\u0105 przyczyn\u0105 wielu chor\u00f3b i dolegliwo\u015bci.<\/p>\n<p>[\/et_pb_text][\/et_pb_column][\/et_pb_row][\/et_pb_section]<\/p>\n","protected":false},"excerpt":{"rendered":"<p>Informacje og\u00f3lne o bor\u00f3wkach &nbsp; <div class=\"et_pb_row et_pb_row_0 et_pb_row_empty\">\n\t\t\t\t\n\t\t\t\t\n\t\t\t\t\n\t\t\t\t\n\t\t\t\t\n\t\t\t<\/div> Bor\u00f3wka wysoka, inaczej ameryka\u0144ska (Vaccinium corymbosum) Mrozoodporny krzew sadowniczy zrzucaj\u0105cy na zim\u0119 li\u015bcie. Ma wzniesione proste p\u0119dy i eliptyczne, sk\u00f3rzaste li\u015bcie, kt\u00f3re jesieni\u0105 przebarwiaj\u0105 si\u0119 na \u017c\u00f3\u0142to i czerwono. Na ko\u0144cach p\u0119d\u00f3w tworzy grona drobnych dzwonkowatych kremowor\u00f3\u017cowych kwiat\u00f3w. Jest gatunkiem obcopylnym, dobrze owocuje, gdy razem rosn\u0105 przynajmniej dwie odmiany. [&hellip;]<\/p>\n","protected":false},"author":1,"featured_media":0,"parent":0,"menu_order":0,"comment_status":"closed","ping_status":"closed","template":"","meta":{"_et_pb_use_builder":"on","_et_pb_old_content":"","_et_gb_content_width":"","footnotes":""},"class_list":["post-251","page","type-page","status-publish","hentry"],"_links":{"self":[{"href":"https:\/\/www.blueberry-giant.de\/pl\/wp-json\/wp\/v2\/pages\/251","targetHints":{"allow":["GET"]}}],"collection":[{"href":"https:\/\/www.blueberry-giant.de\/pl\/wp-json\/wp\/v2\/pages"}],"about":[{"href":"https:\/\/www.blueberry-giant.de\/pl\/wp-json\/wp\/v2\/types\/page"}],"author":[{"embeddable":true,"href":"https:\/\/www.blueberry-giant.de\/pl\/wp-json\/wp\/v2\/users\/1"}],"replies":[{"embeddable":true,"href":"https:\/\/www.blueberry-giant.de\/pl\/wp-json\/wp\/v2\/comments?post=251"}],"version-history":[{"count":13,"href":"https:\/\/www.blueberry-giant.de\/pl\/wp-json\/wp\/v2\/pages\/251\/revisions"}],"predecessor-version":[{"id":460,"href":"https:\/\/www.blueberry-giant.de\/pl\/wp-json\/wp\/v2\/pages\/251\/revisions\/460"}],"wp:attachment":[{"href":"https:\/\/www.blueberry-giant.de\/pl\/wp-json\/wp\/v2\/media?parent=251"}],"curies":[{"name":"wp","href":"https:\/\/api.w.org\/{rel}","templated":true}]}}