{"id":270,"date":"2018-01-22T14:02:38","date_gmt":"2018-01-22T13:02:38","guid":{"rendered":"http:\/\/www.blueberry-giant.de\/solliciteren\/"},"modified":"2018-02-02T11:17:39","modified_gmt":"2018-02-02T10:17:39","slug":"uebernehmen","status":"publish","type":"page","link":"https:\/\/www.blueberry-giant.de\/de\/uebernehmen\/","title":{"rendered":"Bewerben"},"content":{"rendered":"<p>[et_pb_section bb_built=&#8220;1&#8243; fullwidth=&#8220;on&#8220; specialty=&#8220;off&#8220; _builder_version=&#8220;3.0.97&#8243; module_class=&#8220;headsection&#8220;][et_pb_fullwidth_post_title _builder_version=&#8220;3.0.97&#8243; title=&#8220;off&#8220; meta=&#8220;off&#8220; author=&#8220;on&#8220; date=&#8220;on&#8220; categories=&#8220;on&#8220; comments=&#8220;on&#8220; featured_image=&#8220;off&#8220; featured_placement=&#8220;below&#8220; background_image=&#8220;http:\/\/www.blueberry-giant.de\/wp-content\/uploads\/2018\/01\/slider2.png&#8220; text_color=&#8220;dark&#8220; text_background=&#8220;off&#8220; module_class=&#8220;headsection&#8220; \/][\/et_pb_section][et_pb_section bb_built=&#8220;1&#8243;][et_pb_row][et_pb_column type=&#8220;2_3&#8243;][et_pb_text _builder_version=&#8220;3.0.97&#8243; background_layout=&#8220;light&#8220;]<\/p>\n<h1>Bewerben<\/h1>\n<p>In der Zeit von Ende Juni bis September ist die Blaubeerenernte in vollem Gange. Wir brauchen daher viele Mitarbeiter, die uns helfen, die vielen Blaubeeren zu ernten. Arbeitest du gern drau\u00dfen und m\u00f6chtest dir in den Monaten Juli, August und September ein sch\u00f6nes Taschengeld verdienen, dann ist die Auswahl von Blaubeeren definitiv etwas f\u00fcr dich.<\/p>\n<p>F\u00fcllen Sie das untenstehende Formular aus und wir werden uns innerhalb weniger Arbeitstage mit Ihnen in Verbindung setzen.<\/p>\n<p>[\/et_pb_text][et_pb_contact_form _builder_version=&#8220;3.0.97&#8243; captcha=&#8220;on&#8220; use_redirect=&#8220;off&#8220; custom_button=&#8220;off&#8220; button_icon_placement=&#8220;right&#8220; submit_button_text=&#8220;Senden&#8220; success_message=&#8220;Vielen Dank f\u00fcr die Antwort und Registrierung \u00fcber unsere Website. Wir werden uns innerhalb von 5 Werktagen mit Ihnen in Verbindung setzen.&#8220; email=&#8220;praca@blueberry-giant.de&#8220; custom_message=&#8220;Voornaam: %%voornaam%%||et_pb_line_break_holder||Achternaam: %%achternaam%%||et_pb_line_break_holder||Telefoonnummer mobiel: %%telefoon%%||et_pb_line_break_holder||E-mail: %%email%%||et_pb_line_break_holder||Bericht: %%message%%||et_pb_line_break_holder||&#8220;][et_pb_contact_field _builder_version=&#8220;3.0.97&#8243; field_id=&#8220;voornaam&#8220; field_title=&#8220;Vorname&#8220; field_type=&#8220;input&#8220; checkbox_checked=&#8220;off&#8220; checkbox_options=&#8220;%91{%22value%22:%22%22,%22checked%22:0}%93&#8243; radio_options=&#8220;%91{%22value%22:%22%22,%22checked%22:0}%93&#8243; select_options=&#8220;%91{%22value%22:%22%22,%22checked%22:0}%93&#8243; min_length=&#8220;0&#8243; max_length=&#8220;0&#8243; allowed_symbols=&#8220;all&#8220; required_mark=&#8220;on&#8220; conditional_logic=&#8220;off&#8220; conditional_logic_relation=&#8220;off&#8220; conditional_logic_rules=&#8220;%91{%22field%22:%22achternaam%22,%22condition%22:%22is%22,%22value%22:%22%22}%93&#8243; use_background_color_gradient=&#8220;off&#8220; background_color_gradient_start=&#8220;#2b87da&#8220; background_color_gradient_end=&#8220;#29c4a9&#8243; background_color_gradient_type=&#8220;linear&#8220; background_color_gradient_direction=&#8220;180deg&#8220; background_color_gradient_direction_radial=&#8220;center&#8220; background_color_gradient_start_position=&#8220;0%&#8220; background_color_gradient_end_position=&#8220;100%&#8220; background_color_gradient_overlays_image=&#8220;off&#8220; parallax=&#8220;off&#8220; parallax_method=&#8220;on&#8220; background_size=&#8220;cover&#8220; background_position=&#8220;center&#8220; background_repeat=&#8220;no-repeat&#8220; background_blend=&#8220;normal&#8220; allow_player_pause=&#8220;off&#8220; fullwidth_field=&#8220;off&#8220; \/][et_pb_contact_field _builder_version=&#8220;3.0.97&#8243; field_id=&#8220;achternaam&#8220; field_title=&#8220;Nachname&#8220; field_type=&#8220;input&#8220; checkbox_checked=&#8220;off&#8220; checkbox_options=&#8220;%91{%22value%22:%22%22,%22checked%22:0}%93&#8243; radio_options=&#8220;%91{%22value%22:%22%22,%22checked%22:0}%93&#8243; select_options=&#8220;%91{%22value%22:%22%22,%22checked%22:0}%93&#8243; min_length=&#8220;0&#8243; max_length=&#8220;0&#8243; allowed_symbols=&#8220;all&#8220; required_mark=&#8220;on&#8220; conditional_logic=&#8220;off&#8220; conditional_logic_relation=&#8220;off&#8220; conditional_logic_rules=&#8220;%91{%22field%22:%22voornaam%22,%22condition%22:%22is%22,%22value%22:%22%22}%93&#8243; use_background_color_gradient=&#8220;off&#8220; background_color_gradient_start=&#8220;#2b87da&#8220; background_color_gradient_end=&#8220;#29c4a9&#8243; background_color_gradient_type=&#8220;linear&#8220; background_color_gradient_direction=&#8220;180deg&#8220; background_color_gradient_direction_radial=&#8220;center&#8220; background_color_gradient_start_position=&#8220;0%&#8220; background_color_gradient_end_position=&#8220;100%&#8220; background_color_gradient_overlays_image=&#8220;off&#8220; parallax=&#8220;off&#8220; parallax_method=&#8220;on&#8220; background_size=&#8220;cover&#8220; background_position=&#8220;center&#8220; background_repeat=&#8220;no-repeat&#8220; background_blend=&#8220;normal&#8220; allow_player_pause=&#8220;off&#8220; fullwidth_field=&#8220;off&#8220; \/][et_pb_contact_field _builder_version=&#8220;3.0.97&#8243; field_id=&#8220;telefoon&#8220; field_title=&#8220;Telefonnummer (Handy)&#8220; field_type=&#8220;input&#8220; checkbox_checked=&#8220;off&#8220; checkbox_options=&#8220;%91{%22value%22:%22%22,%22checked%22:0}%93&#8243; radio_options=&#8220;%91{%22value%22:%22%22,%22checked%22:0}%93&#8243; select_options=&#8220;%91{%22value%22:%22%22,%22checked%22:0}%93&#8243; min_length=&#8220;0&#8243; max_length=&#8220;0&#8243; allowed_symbols=&#8220;all&#8220; required_mark=&#8220;on&#8220; conditional_logic=&#8220;off&#8220; conditional_logic_relation=&#8220;off&#8220; conditional_logic_rules=&#8220;%91{%22field%22:%22voornaam%22,%22condition%22:%22is%22,%22value%22:%22%22}%93&#8243; use_background_color_gradient=&#8220;off&#8220; background_color_gradient_start=&#8220;#2b87da&#8220; background_color_gradient_end=&#8220;#29c4a9&#8243; background_color_gradient_type=&#8220;linear&#8220; background_color_gradient_direction=&#8220;180deg&#8220; background_color_gradient_direction_radial=&#8220;center&#8220; background_color_gradient_start_position=&#8220;0%&#8220; background_color_gradient_end_position=&#8220;100%&#8220; background_color_gradient_overlays_image=&#8220;off&#8220; parallax=&#8220;off&#8220; parallax_method=&#8220;on&#8220; background_size=&#8220;cover&#8220; background_position=&#8220;center&#8220; background_repeat=&#8220;no-repeat&#8220; background_blend=&#8220;normal&#8220; allow_player_pause=&#8220;off&#8220; fullwidth_field=&#8220;off&#8220; \/][et_pb_contact_field field_title=&#8220;E-mailadres&#8220; field_type=&#8220;email&#8220; field_id=&#8220;email&#8220; required_mark=&#8220;on&#8220; fullwidth_field=&#8220;off&#8220; _builder_version=&#8220;3.0.97&#8243; checkbox_checked=&#8220;off&#8220; checkbox_options=&#8220;%91{%22value%22:%22E-mailadres%22,%22checked%22:0}%93&#8243; radio_options=&#8220;%91{%22value%22:%22E-mailadres%22,%22checked%22:0}%93&#8243; select_options=&#8220;%91{%22value%22:%22E-mailadres%22,%22checked%22:0}%93&#8243; min_length=&#8220;0&#8243; max_length=&#8220;0&#8243; allowed_symbols=&#8220;all&#8220; conditional_logic=&#8220;off&#8220; conditional_logic_relation=&#8220;off&#8220; conditional_logic_rules=&#8220;%91{%22field%22:%22voornaam%22,%22condition%22:%22is%22,%22value%22:%22%22}%93&#8243; use_background_color_gradient=&#8220;off&#8220; background_color_gradient_start=&#8220;#2b87da&#8220; background_color_gradient_end=&#8220;#29c4a9&#8243; background_color_gradient_type=&#8220;linear&#8220; background_color_gradient_direction=&#8220;180deg&#8220; background_color_gradient_direction_radial=&#8220;center&#8220; background_color_gradient_start_position=&#8220;0%&#8220; background_color_gradient_end_position=&#8220;100%&#8220; background_color_gradient_overlays_image=&#8220;off&#8220; parallax=&#8220;off&#8220; parallax_method=&#8220;on&#8220; background_size=&#8220;cover&#8220; background_position=&#8220;center&#8220; background_repeat=&#8220;no-repeat&#8220; background_blend=&#8220;normal&#8220; allow_player_pause=&#8220;off&#8220; \/][et_pb_contact_field field_title=&#8220;Nachricht&#8220; field_type=&#8220;text&#8220; field_id=&#8220;message&#8220; required_mark=&#8220;on&#8220; fullwidth_field=&#8220;on&#8220; _builder_version=&#8220;3.0.97&#8243; checkbox_checked=&#8220;off&#8220; checkbox_options=&#8220;%91{%22value%22:%22Bericht%22,%22checked%22:0}%93&#8243; radio_options=&#8220;%91{%22value%22:%22Bericht%22,%22checked%22:0}%93&#8243; select_options=&#8220;%91{%22value%22:%22Bericht%22,%22checked%22:0}%93&#8243; min_length=&#8220;0&#8243; max_length=&#8220;0&#8243; allowed_symbols=&#8220;all&#8220; conditional_logic=&#8220;off&#8220; conditional_logic_relation=&#8220;off&#8220; conditional_logic_rules=&#8220;%91{%22field%22:%22voornaam%22,%22condition%22:%22is%22,%22value%22:%22%22}%93&#8243; use_background_color_gradient=&#8220;off&#8220; background_color_gradient_start=&#8220;#2b87da&#8220; background_color_gradient_end=&#8220;#29c4a9&#8243; background_color_gradient_type=&#8220;linear&#8220; background_color_gradient_direction=&#8220;180deg&#8220; background_color_gradient_direction_radial=&#8220;center&#8220; background_color_gradient_start_position=&#8220;0%&#8220; background_color_gradient_end_position=&#8220;100%&#8220; background_color_gradient_overlays_image=&#8220;off&#8220; parallax=&#8220;off&#8220; parallax_method=&#8220;on&#8220; background_size=&#8220;cover&#8220; background_position=&#8220;center&#8220; background_repeat=&#8220;no-repeat&#8220; background_blend=&#8220;normal&#8220; allow_player_pause=&#8220;off&#8220; \/][\/et_pb_contact_form][\/et_pb_column][et_pb_column type=&#8220;1_3&#8243;][et_pb_sidebar admin_label=&#8220;homepage widget&#8220; _builder_version=&#8220;3.0.94&#8243; area=&#8220;et_pb_widget_area_1&#8243; orientation=&#8220;right&#8220; show_border=&#8220;off&#8220; background_layout=&#8220;light&#8220; module_id=&#8220;homewidget&#8220; \/][et_pb_image _builder_version=&#8220;3.0.94&#8243; src=&#8220;http:\/\/www.blueberry-giant.de\/wp-content\/uploads\/2018\/01\/blauwebes.jpg&#8220; show_in_lightbox=&#8220;off&#8220; url_new_window=&#8220;off&#8220; use_overlay=&#8220;off&#8220; always_center_on_mobile=&#8220;on&#8220; force_fullwidth=&#8220;off&#8220; show_bottom_space=&#8220;on&#8220; \/][\/et_pb_column][\/et_pb_row][\/et_pb_section]<\/p>\n","protected":false},"excerpt":{"rendered":"<p><div class=\"et_pb_row et_pb_row_0 et_pb_row_empty\">\n\t\t\t\t\n\t\t\t\t\n\t\t\t\t\n\t\t\t\t\n\t\t\t\t\n\t\t\t<\/div> Bewerben In der Zeit von Ende Juni bis September ist die Blaubeerenernte in vollem Gange. Wir brauchen daher viele Mitarbeiter, die uns helfen, die vielen Blaubeeren zu ernten. Arbeitest du gern drau\u00dfen und m\u00f6chtest dir in den Monaten Juli, August und September ein sch\u00f6nes Taschengeld verdienen, dann ist die Auswahl von Blaubeeren definitiv etwas [&hellip;]<\/p>\n","protected":false},"author":1,"featured_media":0,"parent":0,"menu_order":0,"comment_status":"closed","ping_status":"closed","template":"","meta":{"_et_pb_use_builder":"on","_et_pb_old_content":"","_et_gb_content_width":"","footnotes":""},"class_list":["post-270","page","type-page","status-publish","hentry"],"_links":{"self":[{"href":"https:\/\/www.blueberry-giant.de\/de\/wp-json\/wp\/v2\/pages\/270","targetHints":{"allow":["GET"]}}],"collection":[{"href":"https:\/\/www.blueberry-giant.de\/de\/wp-json\/wp\/v2\/pages"}],"about":[{"href":"https:\/\/www.blueberry-giant.de\/de\/wp-json\/wp\/v2\/types\/page"}],"author":[{"embeddable":true,"href":"https:\/\/www.blueberry-giant.de\/de\/wp-json\/wp\/v2\/users\/1"}],"replies":[{"embeddable":true,"href":"https:\/\/www.blueberry-giant.de\/de\/wp-json\/wp\/v2\/comments?post=270"}],"version-history":[{"count":9,"href":"https:\/\/www.blueberry-giant.de\/de\/wp-json\/wp\/v2\/pages\/270\/revisions"}],"predecessor-version":[{"id":485,"href":"https:\/\/www.blueberry-giant.de\/de\/wp-json\/wp\/v2\/pages\/270\/revisions\/485"}],"wp:attachment":[{"href":"https:\/\/www.blueberry-giant.de\/de\/wp-json\/wp\/v2\/media?parent=270"}],"curies":[{"name":"wp","href":"https:\/\/api.w.org\/{rel}","templated":true}]}}