{"id":266,"date":"2018-01-11T14:52:33","date_gmt":"2018-01-11T13:52:33","guid":{"rendered":"http:\/\/www.blueberry-giant.de\/sprzedam-jagody\/"},"modified":"2018-01-24T15:29:46","modified_gmt":"2018-01-24T14:29:46","slug":"verkaufe-blaubeeren","status":"publish","type":"page","link":"https:\/\/www.blueberry-giant.de\/de\/verkaufe-blaubeeren\/","title":{"rendered":"Verkaufe Blaubeeren"},"content":{"rendered":"<p>[et_pb_section bb_built=&#8220;1&#8243; fullwidth=&#8220;on&#8220; specialty=&#8220;off&#8220; _builder_version=&#8220;3.0.97&#8243; module_class=&#8220;headsection&#8220;][et_pb_fullwidth_post_title _builder_version=&#8220;3.0.97&#8243; title=&#8220;off&#8220; meta=&#8220;off&#8220; author=&#8220;on&#8220; date=&#8220;on&#8220; categories=&#8220;on&#8220; comments=&#8220;on&#8220; featured_image=&#8220;off&#8220; featured_placement=&#8220;below&#8220; background_image=&#8220;http:\/\/www.blueberry-giant.de\/wp-content\/uploads\/2018\/01\/bg_werken.jpg&#8220; text_color=&#8220;dark&#8220; text_background=&#8220;off&#8220; module_class=&#8220;headsection&#8220; \/][\/et_pb_section][et_pb_section bb_built=&#8220;1&#8243;][et_pb_row _builder_version=&#8220;3.0.97&#8243; custom_margin=&#8220;||0px|&#8220; custom_padding=&#8220;||0px|&#8220;][et_pb_column type=&#8220;4_4&#8243;][et_pb_text _builder_version=&#8220;3.0.97&#8243; background_layout=&#8220;light&#8220;]<\/p>\n<h1>Verkauf Blaubeeren<\/h1>\n<p>[\/et_pb_text][\/et_pb_column][\/et_pb_row][et_pb_row][et_pb_column type=&#8220;2_3&#8243;][et_pb_text _builder_version=&#8220;3.0.97&#8243; background_layout=&#8220;light&#8220;]<\/p>\n<h2>T\u00e4glich frische Blaubeeren<\/h2>\n<p><strong>\u00d6ffnungszeiten<\/strong><\/p>\n<p>Die Erntezeit ge\u00f6ffnet zwischen Juni und Ende September Montag \/ Freitag von 10.00 bis 17.00 Uhr und am Samstag von 09.00 bis 15.00 Uhr.<\/p>\n<p>Wir verkaufen nicht nur frisch, Hand gepfl\u00fcckt Blaubeeren, sondern auch solche Produkte wie Blaubeeren<\/p>\n<ul>\n<li>Blaubeerensaft<\/li>\n<li>Blaubeeren confiture<\/li>\n<li>Sirup<\/li>\n<li>Dessertsauce<\/li>\n<li>Honing-cr\u00e8me<\/li>\n<\/ul>\n<p><strong>Bestellen Sie per E-Mail<\/strong><\/p>\n<p>Sie k\u00f6nnen auch die Bestellung per E-Mail senden:\u00a0<a href=\"mailto:info@blueberry-giant.de\">info@blueberry-giant.de<\/a><\/p>\n<p><strong>Besichtigung<\/strong><\/p>\n<p>F\u00fcr Gruppen bieten wir eine Tour auf Anfrage. F\u00fcr weitere Informationen Kontakt mit\u00a0<a href=\"mailto:info@blueberry-giant.de\">info@blueberry-giant.de<\/a> oder Tel. +49-1758824338<\/p>\n<p><strong>Sie sind herzlich willkommen!<\/strong><\/p>\n<p>[\/et_pb_text][\/et_pb_column][et_pb_column type=&#8220;1_3&#8243;][et_pb_image _builder_version=&#8220;3.0.97&#8243; src=&#8220;https:\/\/www.blueberry-giant.de\/wp-content\/uploads\/2018\/01\/totaal_pakket.jpg&#8220; show_in_lightbox=&#8220;on&#8220; url_new_window=&#8220;off&#8220; use_overlay=&#8220;off&#8220; always_center_on_mobile=&#8220;on&#8220; force_fullwidth=&#8220;off&#8220; show_bottom_space=&#8220;on&#8220; alt=&#8220;Tagesfrische Blaubeeren&#8220; \/][\/et_pb_column][\/et_pb_row][\/et_pb_section]<\/p>\n","protected":false},"excerpt":{"rendered":"<p>Verkauf Blaubeeren <div class=\"et_pb_row et_pb_row_0 et_pb_row_empty\">\n\t\t\t\t\n\t\t\t\t\n\t\t\t\t\n\t\t\t\t\n\t\t\t\t\n\t\t\t<\/div> T\u00e4glich frische Blaubeeren \u00d6ffnungszeiten Die Erntezeit ge\u00f6ffnet zwischen Juni und Ende September Montag \/ Freitag von 10.00 bis 17.00 Uhr und am Samstag von 09.00 bis 15.00 Uhr. Wir verkaufen nicht nur frisch, Hand gepfl\u00fcckt Blaubeeren, sondern auch solche Produkte wie Blaubeeren Blaubeerensaft Blaubeeren confiture Sirup Dessertsauce Honing-cr\u00e8me Bestellen Sie per E-Mail [&hellip;]<\/p>\n","protected":false},"author":1,"featured_media":0,"parent":0,"menu_order":0,"comment_status":"closed","ping_status":"closed","template":"","meta":{"_et_pb_use_builder":"on","_et_pb_old_content":"","_et_gb_content_width":"","footnotes":""},"class_list":["post-266","page","type-page","status-publish","hentry"],"_links":{"self":[{"href":"https:\/\/www.blueberry-giant.de\/de\/wp-json\/wp\/v2\/pages\/266","targetHints":{"allow":["GET"]}}],"collection":[{"href":"https:\/\/www.blueberry-giant.de\/de\/wp-json\/wp\/v2\/pages"}],"about":[{"href":"https:\/\/www.blueberry-giant.de\/de\/wp-json\/wp\/v2\/types\/page"}],"author":[{"embeddable":true,"href":"https:\/\/www.blueberry-giant.de\/de\/wp-json\/wp\/v2\/users\/1"}],"replies":[{"embeddable":true,"href":"https:\/\/www.blueberry-giant.de\/de\/wp-json\/wp\/v2\/comments?post=266"}],"version-history":[{"count":7,"href":"https:\/\/www.blueberry-giant.de\/de\/wp-json\/wp\/v2\/pages\/266\/revisions"}],"predecessor-version":[{"id":417,"href":"https:\/\/www.blueberry-giant.de\/de\/wp-json\/wp\/v2\/pages\/266\/revisions\/417"}],"wp:attachment":[{"href":"https:\/\/www.blueberry-giant.de\/de\/wp-json\/wp\/v2\/media?parent=266"}],"curies":[{"name":"wp","href":"https:\/\/api.w.org\/{rel}","templated":true}]}}