{"id":257,"date":"2018-01-22T16:26:08","date_gmt":"2018-01-22T15:26:08","guid":{"rendered":"http:\/\/www.blueberry-giant.de\/?page_id=257"},"modified":"2018-01-24T14:27:17","modified_gmt":"2018-01-24T13:27:17","slug":"arbeiten-bei-blueberry-giant","status":"publish","type":"page","link":"https:\/\/www.blueberry-giant.de\/de\/arbeiten-bei-blueberry-giant\/","title":{"rendered":"Arbeiten bei Blueberry Giant"},"content":{"rendered":"<p>[et_pb_section bb_built=&#8220;1&#8243; fullwidth=&#8220;on&#8220; specialty=&#8220;off&#8220; _builder_version=&#8220;3.0.97&#8243; module_class=&#8220;headsection&#8220;][et_pb_fullwidth_post_title _builder_version=&#8220;3.0.97&#8243; title=&#8220;off&#8220; meta=&#8220;off&#8220; author=&#8220;on&#8220; date=&#8220;on&#8220; categories=&#8220;on&#8220; comments=&#8220;on&#8220; featured_image=&#8220;off&#8220; featured_placement=&#8220;below&#8220; background_image=&#8220;http:\/\/www.blueberry-giant.de\/wp-content\/uploads\/2018\/01\/slider2.png&#8220; text_color=&#8220;dark&#8220; text_background=&#8220;off&#8220; module_class=&#8220;headsection&#8220; \/][\/et_pb_section][et_pb_section bb_built=&#8220;1&#8243;][et_pb_row][et_pb_column type=&#8220;2_3&#8243;][et_pb_text _builder_version=&#8220;3.0.97&#8243; background_layout=&#8220;light&#8220;]<\/p>\n<h1>Arbeiten bei Blueberry Giant<\/h1>\n<h2><strong>Blaubeeren pfl\u00fccken<\/strong><\/h2>\n<p>Blaubeeren werden haupts\u00e4chlich von Hand geerntet. Wir k\u00f6nnen daher viele Pfl\u00fccker benutzen. In der Zeit von Ende Juni bis September ist die Blaubeerenernte in vollem Gange. Wir brauchen daher viele Mitarbeiter, die uns helfen, die vielen Blaubeeren zu ernten. Die Arbeit ist sehr gut f\u00fcr Damen geeignet. Arbeitest du gerne drau\u00dfen und m\u00f6chtest dir in den Monaten Juli, August und September ein sch\u00f6nes Taschengeld verdienen, dann ist die Auswahl von blauen Beeren definitiv etwas f\u00fcr dich.<\/p>\n<h2><strong>Andere Aktivit\u00e4ten<\/strong><\/h2>\n<p>Neben den Ernteaktivit\u00e4ten ben\u00f6tigen wir in der Zeit von April bis September auch Mitarbeiter f\u00fcr andere T\u00e4tigkeiten. Denken Sie an Logistikaktivit\u00e4ten. M\u00f6glicher kannst du Arbeiten mit Maschinen wie Traktor und Gabelstapler. Sie m\u00fcssen bereit sein, alle Aktivit\u00e4ten auszuf\u00fchren, zu denen Sie verpflichtet sind.<\/p>\n<p>Flexibilit\u00e4t ist in Bezug auf die Arbeitszeit f\u00fcr alle Aktivit\u00e4ten erforderlich. Die Anzahl der Stunden pro Tag kann variieren, teilweise weil die Arbeit von den Wetterbedingungen abh\u00e4ngt. Bei Regen wird nicht geerntet.<\/p>\n<h2><strong>Wohnen<\/strong><\/h2>\n<p>Blueberry Giant kann sich um die Unterkunft k\u00fcmmern, in der Sie wohnen. Die Unterbringung der Mitarbeiter erfolgt auf dem Unternehmen selbst. Es gibt also einen minimalen t\u00e4glichen Transport von Ihrem Aufenthalt zu Ihrem t\u00e4glichen Arbeitsort. Es gibt daher keine Pendelstunden. Du wirst in einem Haus oder in Wohneinheiten wohnen. Die meisten Wohneinheiten verf\u00fcgen \u00fcber eine Toilette und Dusche und sind f\u00fcr 6 Personen geeignet. Dar\u00fcber hinaus haben wir einen Gemeinschaftsraum, in dem gekocht werden kann und eine M\u00f6glichkeit zur Entspannung bietet. Alle Wohnorte verf\u00fcgen \u00fcber kostenloses WLAN.<\/p>\n<h2><strong>Transport<\/strong><\/h2>\n<p>F\u00fcr den Transport von und zu den Grundst\u00fccken werden wir unter anderem einen Reisebus benutzen. Einmal in der Woche haben Sie die M\u00f6glichkeit mit dem Bus zu ein Einkaufszentrum zu fahren (Kevelaer (DE) oder Bergen (NL)<\/p>\n<p>&nbsp;<\/p>\n<p>[\/et_pb_text][\/et_pb_column][et_pb_column type=&#8220;1_3&#8243;][et_pb_sidebar admin_label=&#8220;homepage widget&#8220; _builder_version=&#8220;3.0.94&#8243; area=&#8220;et_pb_widget_area_1&#8243; orientation=&#8220;right&#8220; show_border=&#8220;off&#8220; background_layout=&#8220;light&#8220; module_id=&#8220;homewidget&#8220; \/][et_pb_image _builder_version=&#8220;3.0.94&#8243; src=&#8220;http:\/\/www.blueberry-giant.de\/wp-content\/uploads\/2018\/01\/blauwebes.jpg&#8220; show_in_lightbox=&#8220;off&#8220; url_new_window=&#8220;off&#8220; use_overlay=&#8220;off&#8220; always_center_on_mobile=&#8220;on&#8220; force_fullwidth=&#8220;off&#8220; show_bottom_space=&#8220;on&#8220; \/][\/et_pb_column][\/et_pb_row][\/et_pb_section]<\/p>\n","protected":false},"excerpt":{"rendered":"<p><div class=\"et_pb_row et_pb_row_0 et_pb_row_empty\">\n\t\t\t\t\n\t\t\t\t\n\t\t\t\t\n\t\t\t\t\n\t\t\t\t\n\t\t\t<\/div> Arbeiten bei Blueberry Giant Blaubeeren pfl\u00fccken Blaubeeren werden haupts\u00e4chlich von Hand geerntet. Wir k\u00f6nnen daher viele Pfl\u00fccker benutzen. In der Zeit von Ende Juni bis September ist die Blaubeerenernte in vollem Gange. Wir brauchen daher viele Mitarbeiter, die uns helfen, die vielen Blaubeeren zu ernten. Die Arbeit ist sehr gut f\u00fcr Damen geeignet. Arbeitest [&hellip;]<\/p>\n","protected":false},"author":1,"featured_media":0,"parent":0,"menu_order":0,"comment_status":"closed","ping_status":"closed","template":"","meta":{"_et_pb_use_builder":"on","_et_pb_old_content":"","_et_gb_content_width":"","footnotes":""},"class_list":["post-257","page","type-page","status-publish","hentry"],"_links":{"self":[{"href":"https:\/\/www.blueberry-giant.de\/de\/wp-json\/wp\/v2\/pages\/257","targetHints":{"allow":["GET"]}}],"collection":[{"href":"https:\/\/www.blueberry-giant.de\/de\/wp-json\/wp\/v2\/pages"}],"about":[{"href":"https:\/\/www.blueberry-giant.de\/de\/wp-json\/wp\/v2\/types\/page"}],"author":[{"embeddable":true,"href":"https:\/\/www.blueberry-giant.de\/de\/wp-json\/wp\/v2\/users\/1"}],"replies":[{"embeddable":true,"href":"https:\/\/www.blueberry-giant.de\/de\/wp-json\/wp\/v2\/comments?post=257"}],"version-history":[{"count":4,"href":"https:\/\/www.blueberry-giant.de\/de\/wp-json\/wp\/v2\/pages\/257\/revisions"}],"predecessor-version":[{"id":401,"href":"https:\/\/www.blueberry-giant.de\/de\/wp-json\/wp\/v2\/pages\/257\/revisions\/401"}],"wp:attachment":[{"href":"https:\/\/www.blueberry-giant.de\/de\/wp-json\/wp\/v2\/media?parent=257"}],"curies":[{"name":"wp","href":"https:\/\/api.w.org\/{rel}","templated":true}]}}