{"id":255,"date":"2018-01-22T16:22:14","date_gmt":"2018-01-22T15:22:14","guid":{"rendered":"http:\/\/www.blueberry-giant.de\/informacje-ogolne-niebieskie-jagody\/"},"modified":"2018-01-24T15:21:56","modified_gmt":"2018-01-24T14:21:56","slug":"allgemeine-informationen-blaue-beeren","status":"publish","type":"page","link":"https:\/\/www.blueberry-giant.de\/de\/allgemeine-informationen-blaue-beeren\/","title":{"rendered":"Allgemeine Informationen Blaubeeren"},"content":{"rendered":"<p>[et_pb_section bb_built=&#8220;1&#8243; fullwidth=&#8220;on&#8220; specialty=&#8220;off&#8220; _builder_version=&#8220;3.0.97&#8243; module_class=&#8220;headsection&#8220;][et_pb_fullwidth_post_title _builder_version=&#8220;3.0.97&#8243; title=&#8220;off&#8220; meta=&#8220;off&#8220; author=&#8220;on&#8220; date=&#8220;on&#8220; categories=&#8220;on&#8220; comments=&#8220;on&#8220; featured_image=&#8220;off&#8220; featured_placement=&#8220;below&#8220; background_image=&#8220;http:\/\/www.blueberry-giant.de\/wp-content\/uploads\/2018\/01\/bg_werken.jpg&#8220; text_color=&#8220;dark&#8220; text_background=&#8220;off&#8220; module_class=&#8220;headsection&#8220; \/][\/et_pb_section][et_pb_section bb_built=&#8220;1&#8243;][et_pb_row _builder_version=&#8220;3.0.97&#8243; custom_margin=&#8220;||0px|&#8220; custom_padding=&#8220;||0px|&#8220;][et_pb_column type=&#8220;4_4&#8243;][et_pb_text admin_label=&#8220;Titel&#8220; _builder_version=&#8220;3.0.97&#8243; background_layout=&#8220;light&#8220;]<\/p>\n<h1>Allgemeine Informationen Blaubeeren<\/h1>\n<p>&nbsp;<\/p>\n<p>[\/et_pb_text][\/et_pb_column][\/et_pb_row][et_pb_row][et_pb_column type=&#8220;3_4&#8243;][et_pb_text _builder_version=&#8220;3.0.97&#8243; background_layout=&#8220;light&#8220;]<\/p>\n<p>Die Blaubeere (Vaccinium corymbosum) ist ein fruchttragender Strauch mit einer H\u00f6he von 1,5 bis 2,5 Metern. Die Blaubeere wird oft f\u00e4lschlicherweise als Blaubeere bezeichnet. Die Blaubeere ist jedoch eine andere Art (Vaccinium myrtillus). Die Bl\u00e4tter f\u00e4rben sich im Herbst rot.<\/p>\n<p>Die Blaubeere bl\u00fcht in Trauben mit einem gro\u00dfen Unterschied in der Bl\u00fcte zwischen der ersten und letzten Bl\u00fcte im Bund. Die Bl\u00fcte ist wei\u00df cremefarben bis rosa. Die Bl\u00fctezeit ist in der ersten Maih\u00e4lfte. Aufgrund dieser fr\u00fchen Bl\u00fcte k\u00f6nnen Nachtfrostsch\u00e4den auftreten. Es gibt Kultivare, die dem widerstehen k\u00f6nnen. Obwohl sich die Blaubeere selbst best\u00e4ubt, f\u00fchrt die Fremdbest\u00e4ubung zu mehr und gr\u00f6\u00dferen Fr\u00fcchten.<\/p>\n<p>[\/et_pb_text][\/et_pb_column][et_pb_column type=&#8220;1_4&#8243;][et_pb_image _builder_version=&#8220;3.0.97&#8243; src=&#8220;http:\/\/www.blueberry-giant.de\/wp-content\/uploads\/2018\/01\/blauwe-bessen-bloei.jpg&#8220; show_in_lightbox=&#8220;on&#8220; url_new_window=&#8220;off&#8220; use_overlay=&#8220;off&#8220; always_center_on_mobile=&#8220;on&#8220; force_fullwidth=&#8220;off&#8220; show_bottom_space=&#8220;on&#8220; alt=&#8220;blauwe bessen in bloei&#8220; \/][\/et_pb_column][\/et_pb_row][et_pb_row][et_pb_column type=&#8220;1_4&#8243;][et_pb_image _builder_version=&#8220;3.0.97&#8243; src=&#8220;http:\/\/www.blueberry-giant.de\/wp-content\/uploads\/2018\/01\/blauwe-bessen-struik.jpg&#8220; show_in_lightbox=&#8220;on&#8220; url_new_window=&#8220;off&#8220; use_overlay=&#8220;off&#8220; always_center_on_mobile=&#8220;on&#8220; force_fullwidth=&#8220;off&#8220; show_bottom_space=&#8220;on&#8220; alt=&#8220;blauwe bessen struik&#8220; \/][\/et_pb_column][et_pb_column type=&#8220;3_4&#8243;][et_pb_text _builder_version=&#8220;3.0.97&#8243; background_layout=&#8220;light&#8220;]<\/p>\n<p>Die Blaubeere wird von Hummeln und Bienen best\u00e4ubt. Die blaue Farbe der Beeren &#8222;gibt&#8220;, der Mund kann bl\u00e4ulich werden, aber auch Kleidung und \u00e4hnliches.<\/p>\n<p>Die Blaubeere stammt urspr\u00fcnglich aus dem Nordosten der Vereinigten Staaten. Mann hat die Blaubeere durch Auswahl und Kreuzung gez\u00fcchtet. Die meisten Sorten kommen aus den USA, aber es gibt auch deutsche Sorten.<\/p>\n<p>&nbsp;<\/p>\n<p>&nbsp;<\/p>\n<p>[\/et_pb_text][\/et_pb_column][\/et_pb_row][et_pb_row][et_pb_column type=&#8220;4_4&#8243;][et_pb_text _builder_version=&#8220;3.0.97&#8243; background_layout=&#8220;light&#8220;]<\/p>\n<h2><strong>Blaubeeren super gesund<\/strong><\/h2>\n<p>Voller Geschmack und mit einem festen Biss; Blaubeeren sind nicht zu widerstehen! Aber sie sind auch sehr gut f\u00fcr dich! Diese schmackhafte und gesunde Beere (t) passen zusammen, beweist die Blaubeere.<\/p>\n<p>Die s\u00fc\u00dfe Beere ist vollgepackt mit Antioxidantien, deren Forschung gezeigt hat, dass sie nicht nur entz\u00fcndungshemmend und cholesterinsenkend sind, sondern auch vor verschiedenen Krankheiten sch\u00fctzen, von denen Krebs am bekanntesten ist.<\/p>\n<p>Blaubeeren wirken sich auch positiv auf die Durchblutung, auf Herz und Blutgef\u00e4\u00dfe, auf Leber und Gallenblase aus. Sie enthalten kaum Fett oder Natrium und sorgen f\u00fcr eine gute Verdauung. Die gro\u00dfe Menge an Vitaminen, Fasern und Mineralstoffen in Blaubeeren neutralisiert die sogenannten &#8222;freien Radikale&#8220;, von denen bekannt ist, dass sie alle Arten von Krankheiten und Beschwerden verursachen.<\/p>\n<p>[\/et_pb_text][\/et_pb_column][\/et_pb_row][\/et_pb_section]<\/p>\n","protected":false},"excerpt":{"rendered":"<p>Allgemeine Informationen Blaubeeren &nbsp; <div class=\"et_pb_row et_pb_row_0 et_pb_row_empty\">\n\t\t\t\t\n\t\t\t\t\n\t\t\t\t\n\t\t\t\t\n\t\t\t\t\n\t\t\t<\/div> Die Blaubeere (Vaccinium corymbosum) ist ein fruchttragender Strauch mit einer H\u00f6he von 1,5 bis 2,5 Metern. Die Blaubeere wird oft f\u00e4lschlicherweise als Blaubeere bezeichnet. Die Blaubeere ist jedoch eine andere Art (Vaccinium myrtillus). Die Bl\u00e4tter f\u00e4rben sich im Herbst rot. Die Blaubeere bl\u00fcht in Trauben mit einem gro\u00dfen Unterschied in [&hellip;]<\/p>\n","protected":false},"author":1,"featured_media":0,"parent":0,"menu_order":0,"comment_status":"closed","ping_status":"closed","template":"","meta":{"_et_pb_use_builder":"on","_et_pb_old_content":"","_et_gb_content_width":"","footnotes":""},"class_list":["post-255","page","type-page","status-publish","hentry"],"_links":{"self":[{"href":"https:\/\/www.blueberry-giant.de\/de\/wp-json\/wp\/v2\/pages\/255","targetHints":{"allow":["GET"]}}],"collection":[{"href":"https:\/\/www.blueberry-giant.de\/de\/wp-json\/wp\/v2\/pages"}],"about":[{"href":"https:\/\/www.blueberry-giant.de\/de\/wp-json\/wp\/v2\/types\/page"}],"author":[{"embeddable":true,"href":"https:\/\/www.blueberry-giant.de\/de\/wp-json\/wp\/v2\/users\/1"}],"replies":[{"embeddable":true,"href":"https:\/\/www.blueberry-giant.de\/de\/wp-json\/wp\/v2\/comments?post=255"}],"version-history":[{"count":4,"href":"https:\/\/www.blueberry-giant.de\/de\/wp-json\/wp\/v2\/pages\/255\/revisions"}],"predecessor-version":[{"id":415,"href":"https:\/\/www.blueberry-giant.de\/de\/wp-json\/wp\/v2\/pages\/255\/revisions\/415"}],"wp:attachment":[{"href":"https:\/\/www.blueberry-giant.de\/de\/wp-json\/wp\/v2\/media?parent=255"}],"curies":[{"name":"wp","href":"https:\/\/api.w.org\/{rel}","templated":true}]}}