{"id":221,"date":"2018-01-09T12:03:56","date_gmt":"2018-01-09T11:03:56","guid":{"rendered":"http:\/\/www.blueberry-giant.de\/blueberry-giant\/"},"modified":"2018-03-20T09:04:53","modified_gmt":"2018-03-20T08:04:53","slug":"blueberry-giant","status":"publish","type":"page","link":"https:\/\/www.blueberry-giant.de\/de\/","title":{"rendered":"Blueberry Giant"},"content":{"rendered":"<p>[et_pb_section bb_built=&#8220;1&#8243; fullwidth=&#8220;on&#8220; specialty=&#8220;off&#8220; _builder_version=&#8220;3.0.94&#8243; module_class=&#8220;headsection&#8220;][et_pb_fullwidth_header _builder_version=&#8220;3.0.97&#8243; title=&#8220;\u00fcber Blaubeeren&#8220; button_one_text=&#8220;Lesen Sie mehr&#8220; button_one_url=&#8220;\/algemene-informatie-blauwe-bes\/&#8220; background_image=&#8220;http:\/\/www.blueberry-giant.de\/wp-content\/uploads\/2018\/01\/slider1.jpg&#8220; parallax_method=&#8220;on&#8220; text_orientation=&#8220;left&#8220; header_fullscreen=&#8220;off&#8220; header_scroll_down=&#8220;off&#8220; image_orientation=&#8220;center&#8220; background_layout=&#8220;light&#8220; content_orientation=&#8220;center&#8220; custom_button_one=&#8220;off&#8220; button_one_icon_placement=&#8220;right&#8220; custom_button_two=&#8220;off&#8220; button_two_icon_placement=&#8220;right&#8220; button_one_text_color=&#8220;#ffffff&#8220; button_one_bg_color=&#8220;#00a14c&#8220; button_one_border_width=&#8220;1&#8243; button_one_border_color=&#8220;#00a14c&#8220; button_one_border_radius=&#8220;10&#8243; button_one_icon=&#8220;%%20%%&#8220; button_one_on_hover=&#8220;off&#8220; button_one_text_color_hover=&#8220;#ffffff&#8220; button_one_bg_color_hover=&#8220;#00a14c&#8220; button_one_border_color_hover=&#8220;#00a14c&#8220; button_one_border_radius_hover=&#8220;10&#8243; \/][\/et_pb_section][et_pb_section bb_built=&#8220;1&#8243;][et_pb_row][et_pb_column type=&#8220;2_3&#8243;][et_pb_text _builder_version=&#8220;3.0.97&#8243; background_layout=&#8220;light&#8220;]<\/p>\n<h2>Blueberry Giant<\/h2>\n<p>Blaubeeren werden bei Blueberry Giant angebaut. Das Unternehmen hat seinen Ursprung seit 2006 in Weeze.<\/p>\n<p>Im Jahr 2006 begann das Unternehmen in kleine Fl\u00e4che. In mehr als 10 Jahren ist die Anbaufl\u00e4che jedoch betr\u00e4chtlich gewachsen und die Fl\u00e4che hat jetzt 75 Hektar (150 Fu\u00dfballfelder) erreicht.<\/p>\n<p>Wir z\u00fcchten unter anderem folgende Sorten:<\/p>\n<ul>\n<li>Duke<\/li>\n<li>Draper<\/li>\n<li>Bluecrop<\/li>\n<li>Ozarkblue<\/li>\n<li>Elliot<\/li>\n<li>Liberty<\/li>\n<li>Aurora<\/li>\n<\/ul>\n<p>Die Produktion zielt auf den Verkauf an gro\u00dfe Einzelhandelsorganisationen in Europa ab. Wir sind daher Global Gap, QS, Green Nurture und Field to Fork zertifiziert.<\/p>\n<p>Als stolzer Z\u00fcchter der Blaubeere sind wir Mitglieder von Simply the Bes.\u00a0<a href=\"https:\/\/www.simplythebes.nl\/\" target=\"_blank\" rel=\"noopener\">https:\/\/www.simplythebes.nl\/<\/a><\/p>\n<p>[\/et_pb_text][\/et_pb_column][et_pb_column type=&#8220;1_3&#8243;][et_pb_sidebar admin_label=&#8220;homepage widget&#8220; _builder_version=&#8220;3.0.97&#8243; area=&#8220;et_pb_widget_area_1&#8243; orientation=&#8220;right&#8220; show_border=&#8220;off&#8220; background_layout=&#8220;light&#8220; module_id=&#8220;homewidget&#8220; \/][et_pb_image _builder_version=&#8220;3.0.97&#8243; src=&#8220;https:\/\/www.blueberry-giant.de\/wp-content\/uploads\/2018\/01\/blauwebes.jpg&#8220; show_in_lightbox=&#8220;off&#8220; url_new_window=&#8220;off&#8220; use_overlay=&#8220;off&#8220; always_center_on_mobile=&#8220;on&#8220; force_fullwidth=&#8220;off&#8220; show_bottom_space=&#8220;on&#8220; \/][\/et_pb_column][\/et_pb_row][\/et_pb_section][et_pb_section bb_built=&#8220;1&#8243; admin_label=&#8220;groene balk&#8220; fullwidth=&#8220;off&#8220; specialty=&#8220;off&#8220; _builder_version=&#8220;3.0.94&#8243; background_color=&#8220;#00a14c&#8220; module_class=&#8220;greensection&#8220;][et_pb_row][et_pb_column type=&#8220;1_4&#8243;][et_pb_text _builder_version=&#8220;3.0.97&#8243; background_layout=&#8220;light&#8220;]<\/p>\n<p>Die Blaubeeren<\/p>\n<p>[\/et_pb_text][\/et_pb_column][et_pb_column type=&#8220;3_4&#8243;][et_pb_text _builder_version=&#8220;3.0.97&#8243; background_layout=&#8220;light&#8220;]<\/p>\n<p>Die Blaubeere (Vaccinium corymbosum) ist ein fruchttragender Strauch mit einer H\u00f6he von 1,5 bis 2,5 Metern. Die Blaubeere wird oft f\u00e4lschlicherweise als Blaubeere bezeichnet. Die Blaubeere ist jedoch eine andere Art (Vaccinium myrtillus). Die Bl\u00e4tter f\u00e4rben sich im Herbst rot.<\/p>\n<p>[\/et_pb_text][\/et_pb_column][\/et_pb_row][\/et_pb_section][et_pb_section bb_built=&#8220;1&#8243; fullwidth=&#8220;on&#8220; specialty=&#8220;off&#8220; _builder_version=&#8220;3.0.97&#8243; background_image=&#8220;http:\/\/www.blueberry-giant.de\/wp-content\/uploads\/2018\/01\/bg_werken.jpg&#8220; module_class=&#8220;headsection&#8220;][et_pb_fullwidth_header admin_label=&#8220;Werken bij Blueberry Giant&#8220; _builder_version=&#8220;3.0.97&#8243; title=&#8220;Arbeiten bei Blueberry Giant&#8220; button_one_text=&#8220;Registrieren Sie sich online&#8220; button_one_url=&#8220;\/de\/uebernehmen\/&#8220; parallax_method=&#8220;on&#8220; text_orientation=&#8220;left&#8220; header_fullscreen=&#8220;off&#8220; header_scroll_down=&#8220;off&#8220; image_orientation=&#8220;center&#8220; background_layout=&#8220;light&#8220; content_orientation=&#8220;center&#8220; custom_button_one=&#8220;off&#8220; button_one_icon_placement=&#8220;right&#8220; custom_button_two=&#8220;off&#8220; button_two_icon_placement=&#8220;right&#8220; button_one_text_color=&#8220;#ffffff&#8220; button_one_bg_color=&#8220;#00a14c&#8220; button_one_border_width=&#8220;1&#8243; button_one_border_color=&#8220;#00a14c&#8220; button_one_border_radius=&#8220;10&#8243; button_one_icon=&#8220;%%20%%&#8220; button_one_on_hover=&#8220;off&#8220; button_one_text_color_hover=&#8220;#ffffff&#8220; button_one_bg_color_hover=&#8220;#00a14c&#8220; button_one_border_color_hover=&#8220;#00a14c&#8220; button_one_border_radius_hover=&#8220;10&#8243; title_level=&#8220;h2&#8243; \/][\/et_pb_section][et_pb_section bb_built=&#8220;1&#8243; fullwidth=&#8220;off&#8220; specialty=&#8220;off&#8220;][et_pb_row][et_pb_column type=&#8220;1_2&#8243;][et_pb_image _builder_version=&#8220;3.0.97&#8243; src=&#8220;http:\/\/www.blueberry-giant.de\/wp-content\/uploads\/2018\/01\/bessen.jpg&#8220; show_in_lightbox=&#8220;off&#8220; url_new_window=&#8220;off&#8220; use_overlay=&#8220;off&#8220; always_center_on_mobile=&#8220;on&#8220; force_fullwidth=&#8220;on&#8220; show_bottom_space=&#8220;on&#8220; \/][\/et_pb_column][et_pb_column type=&#8220;1_2&#8243;][et_pb_text _builder_version=&#8220;3.0.97&#8243; background_layout=&#8220;light&#8220;]<\/p>\n<h2>Blaubeeren sind super gesund<\/h2>\n<p>Interessiert an der Blaubeere oder nur neugierig angelegt? Eine \u00dcbersicht mit berry (t) faszinierenden Informationen und Fakten finden Sie hier!<\/p>\n<p>[\/et_pb_text][et_pb_button _builder_version=&#8220;3.0.97&#8243; button_text=&#8220;mehr Informationen&#8220; button_url=&#8220;https:\/\/www.blueberry-giant.de\/de\/allgemeine-informationen-blaue-beeren\/&#8220; url_new_window=&#8220;off&#8220; background_layout=&#8220;light&#8220; custom_button=&#8220;off&#8220; button_icon_placement=&#8220;right&#8220; module_class=&#8220;greenbutton&#8220; \/][\/et_pb_column][\/et_pb_row][\/et_pb_section]<\/p>\n","protected":false},"excerpt":{"rendered":"<p><div class=\"et_pb_row et_pb_row_0 et_pb_row_empty\">\n\t\t\t\t\n\t\t\t\t\n\t\t\t\t\n\t\t\t\t\n\t\t\t\t\n\t\t\t<\/div> Blueberry Giant Blaubeeren werden bei Blueberry Giant angebaut. Das Unternehmen hat seinen Ursprung seit 2006 in Weeze. Im Jahr 2006 begann das Unternehmen in kleine Fl\u00e4che. In mehr als 10 Jahren ist die Anbaufl\u00e4che jedoch betr\u00e4chtlich gewachsen und die Fl\u00e4che hat jetzt 75 Hektar (150 Fu\u00dfballfelder) erreicht. Wir z\u00fcchten unter anderem folgende Sorten: Duke [&hellip;]<\/p>\n","protected":false},"author":1,"featured_media":0,"parent":0,"menu_order":0,"comment_status":"closed","ping_status":"closed","template":"","meta":{"_et_pb_use_builder":"on","_et_pb_old_content":"","_et_gb_content_width":"","footnotes":""},"class_list":["post-221","page","type-page","status-publish","hentry"],"_links":{"self":[{"href":"https:\/\/www.blueberry-giant.de\/de\/wp-json\/wp\/v2\/pages\/221","targetHints":{"allow":["GET"]}}],"collection":[{"href":"https:\/\/www.blueberry-giant.de\/de\/wp-json\/wp\/v2\/pages"}],"about":[{"href":"https:\/\/www.blueberry-giant.de\/de\/wp-json\/wp\/v2\/types\/page"}],"author":[{"embeddable":true,"href":"https:\/\/www.blueberry-giant.de\/de\/wp-json\/wp\/v2\/users\/1"}],"replies":[{"embeddable":true,"href":"https:\/\/www.blueberry-giant.de\/de\/wp-json\/wp\/v2\/comments?post=221"}],"version-history":[{"count":20,"href":"https:\/\/www.blueberry-giant.de\/de\/wp-json\/wp\/v2\/pages\/221\/revisions"}],"predecessor-version":[{"id":804,"href":"https:\/\/www.blueberry-giant.de\/de\/wp-json\/wp\/v2\/pages\/221\/revisions\/804"}],"wp:attachment":[{"href":"https:\/\/www.blueberry-giant.de\/de\/wp-json\/wp\/v2\/media?parent=221"}],"curies":[{"name":"wp","href":"https:\/\/api.w.org\/{rel}","templated":true}]}}